{"id":3625,"date":"2015-03-05T12:48:16","date_gmt":"2015-03-05T11:48:16","guid":{"rendered":"http:\/\/palomo.net\/nuestra-firma-2\/"},"modified":"2025-09-23T12:04:55","modified_gmt":"2025-09-23T10:04:55","slug":"la-nostra-firma","status":"publish","type":"page","link":"https:\/\/palomo.net\/ca\/la-nostra-firma\/","title":{"rendered":"La nostra firma"},"content":{"rendered":"<div id='layer_slider_1' class='avia-layerslider main_color avia-shadow  container_wrap sidebar_right'    style='height: 151px;' ><\/div>\n<div class=\"flex_column av_one_full  flex_column_div first  \" ><p><div style='padding-bottom:10px; ' class='av-special-heading av-special-heading-h2 meta-heading    '><h2 class='av-special-heading-tag '  itemprop=\"headline\"  >La Nostra Firma<\/h2><div class='special-heading-border'><div class='special-heading-inner-border' ><\/div><\/div><\/div><br \/>\n<section class=\"av_textblock_section \"  itemscope=\"itemscope\" itemtype=\"https:\/\/schema.org\/CreativeWork\" ><div class='avia_textblock  '   itemprop=\"text\" ><p><strong>PALOMO CONSULTORS S.L.<\/strong> \u00e9s un despatx professional dedicat a l&#8217;assessorament integral d&#8217;empreses. L\u2019any 1973, Andreu Palomo Pel\u00e1ez, Advocat, Graduat Social, T\u00e8cnic Superior en Prevenci\u00f3 de Riscos Laborals, Auditor en Prevenci\u00f3 de Riscos Laborals, i Auditor Soci-Laboral Diplomat per ESADE, funda l\u2019empresa Palomo Assessors, SL, dedicada a l\u2019assessorament laboral i jur\u00eddic, donant servei a particulars, a petites i mitjanes empreses i a emprenedors. Amb els anys, l\u2019empresa va anar creixent i consolidant-se, convertint-se en un referent al territori, incorporant a grans empreses i multinacionals com a clients. Aix\u00ed, Palomo Assessors, SL passa a denominar-se Palomo Consultors, SL, amb la incorporaci\u00f3 a l\u2019empresa familiar de la segona generaci\u00f3: Jordi Palomo Pedrola (llicenciat en ADE) i Marta Palomo Pedrola (Psic\u00f2loga), amb els quals es creen noves l\u00ednies de negoci, aportant un valor afegit a l\u2019ampli ventall de serveis integrals d\u2019assessorament i gesti\u00f3 empresarial oferts als nostres clients.<\/p>\n<p>Som una firma de reconegut prestigi que ha crescut i evolucionat al llarg dels seus m\u00e9s de 50 anys d&#8217;hist\u00f2ria, oferint un servei professional personalitzat, amb els millors mitjans disponibles, basat en la confian\u00e7a, en l&#8217;honestedat, i tot aix\u00f2 amb la m\u00e0xima qualitat de servei. Hem aspirat, des del principi, a arribar i a mantenir el lideratge en el nostre sector. Contem amb la confian\u00e7a i la lleialtat d&#8217;un gran nombre de clients, molts d&#8217;ells des de que vam iniciar la nostra activitat. Empreses petites, familiars, mitjanes i grans, de diferents \u00e0mbits geogr\u00e0fics, i de diferents activitats i caracter\u00edstiques, a qui prestem un servei professional basat en la proximitat i en la garantia que sempre estarem al seu costat per a ajudar-los a evitar i solucionar els problemes i els conflictes, que les relacions laborals \u00f2bviament presenten.<\/p>\n<p>L\u2019evoluci\u00f3 del context econ\u00f2mic i les noves incorporacions ens van portar a ampliar la nostra oferta de serveis empresarials: \u00e0rea laboral, econ\u00f2mica, fiscal, jur\u00eddica, estrat\u00e8gica, etc. per tal de cobrir totes les necessitats de les empreses actuals de manera integral.<\/p>\n<p>Sempre busquem la m\u00e0xima satisfacci\u00f3 i el reconeixement dels nostres clients. L&#8217;atenci\u00f3 personalitzada als mateixos, \u00e9s la clau del nostre \u00e8xit.<\/p>\n<p>Des de fa m\u00e9s de nou anys, el nostre despatx est\u00e0 en possessi\u00f3 de la Certificaci\u00f3 de Gesti\u00f3 de la Qualitat ISO 9001-2008, expedit per <a title=\"Web de AENOR\" href=\"http:\/\/www.aenor.es\/\" target=\"_blank\" rel=\"noopener\">AENOR<\/a>, el que acredita el nostre permanent inter\u00e8s per la millora i per l&#8217;excel\u00b7l\u00e8ncia en el servei. Tamb\u00e9 som membres de <a title=\"Web del CEAL\" href=\"http:\/\/www.auditoressociolaborales.com\/\" target=\"_blank\" rel=\"noopener\">CEAL (Associaci\u00f3 Espanyola d\u2019Auditors Laborals)<\/a>. Pretenem, amb aix\u00f2, dotar-nos de tots els mitjans possibles perqu\u00e8 el nostre treball revesteixi la garantia i la responsabilitat que els clients es mereixen.<\/p>\n<p>Compromesos permanentment en la millora del funcionament de l\u2019empresari, portem molts anys oferint un solucions als nostres clients.<\/p>\n<\/div><\/section><\/p><\/div><div class='avia-gallery  avia-gallery-1 avia_lazyload avia_animate_when_visible '  itemprop=\"ImageObject\" itemscope=\"itemscope\" itemtype=\"https:\/\/schema.org\/ImageObject\" ><div class='avia-gallery-thumb'> <a href='https:\/\/palomo.net\/wp-content\/uploads\/palomo-consultors-asesores-de-empresa-1.jpg' data-rel='gallery-1' data-prev-img='https:\/\/palomo.net\/wp-content\/uploads\/palomo-consultors-asesores-de-empresa-1-495x400.jpg' class='first_thumb lightbox ' data-onclick='1' title='Palomo Consultors d&#039;empreses a Tortosa'  itemprop=\"thumbnailUrl\" ><img  data-src='https:\/\/palomo.net\/wp-content\/uploads\/palomo-consultors-asesores-de-empresa-1.jpg' width='760' height='500'  title='Palomo Consultors d&#039;empreses a Tortosa' alt='Palomo Consultors d&#039;empreses a Tortosa' src='data:image\/svg+xml;base64,PHN2ZyB3aWR0aD0iMSIgaGVpZ2h0PSIxIiB4bWxucz0iaHR0cDovL3d3dy53My5vcmcvMjAwMC9zdmciPjwvc3ZnPg==' class='lazyload' style='--smush-placeholder-width: 760px; --smush-placeholder-aspect-ratio: 760\/500;' \/><\/a> <a href='https:\/\/palomo.net\/wp-content\/uploads\/palomo-consultors-asesores-de-empresa-2.jpg' data-rel='gallery-1' data-prev-img='https:\/\/palomo.net\/wp-content\/uploads\/palomo-consultors-asesores-de-empresa-2-495x400.jpg' class='lightbox ' data-onclick='2' title='Palomo Consultors d&#039;empreses a Tortosa'  itemprop=\"thumbnailUrl\" ><img  data-src='https:\/\/palomo.net\/wp-content\/uploads\/palomo-consultors-asesores-de-empresa-2.jpg' width='760' height='500'  title='Palomo Consultors d&#039;empreses a Tortosa' alt='Palomo Consultors d&#039;empreses a Tortosa' src='data:image\/svg+xml;base64,PHN2ZyB3aWR0aD0iMSIgaGVpZ2h0PSIxIiB4bWxucz0iaHR0cDovL3d3dy53My5vcmcvMjAwMC9zdmciPjwvc3ZnPg==' class='lazyload' style='--smush-placeholder-width: 760px; --smush-placeholder-aspect-ratio: 760\/500;' \/><\/a> <a href='https:\/\/palomo.net\/wp-content\/uploads\/palomo-consultors-asesores-de-empresa-3.jpg' data-rel='gallery-1' data-prev-img='https:\/\/palomo.net\/wp-content\/uploads\/palomo-consultors-asesores-de-empresa-3-495x400.jpg' class='lightbox ' data-onclick='3' title='Palomo Consultors d&#039;empreses a Tortosa'  itemprop=\"thumbnailUrl\" ><img  data-src='https:\/\/palomo.net\/wp-content\/uploads\/palomo-consultors-asesores-de-empresa-3.jpg' width='760' height='500'  title='Palomo Consultors d&#039;empreses a Tortosa' alt='Palomo Consultors d&#039;empreses a Tortosa' src='data:image\/svg+xml;base64,PHN2ZyB3aWR0aD0iMSIgaGVpZ2h0PSIxIiB4bWxucz0iaHR0cDovL3d3dy53My5vcmcvMjAwMC9zdmciPjwvc3ZnPg==' class='lazyload' style='--smush-placeholder-width: 760px; --smush-placeholder-aspect-ratio: 760\/500;' \/><\/a> <a href='https:\/\/palomo.net\/wp-content\/uploads\/palomo-consultors-asesores-de-empresa-4.jpg' data-rel='gallery-1' data-prev-img='https:\/\/palomo.net\/wp-content\/uploads\/palomo-consultors-asesores-de-empresa-4-495x400.jpg' class='lightbox ' data-onclick='4' title='Palomo Consultors d&#039;empreses a Tortosa'  itemprop=\"thumbnailUrl\" ><img  data-src='https:\/\/palomo.net\/wp-content\/uploads\/palomo-consultors-asesores-de-empresa-4.jpg' width='760' height='500'  title='Palomo Consultors d&#039;empreses a Tortosa' alt='Palomo Consultors d&#039;empreses a Tortosa' src='data:image\/svg+xml;base64,PHN2ZyB3aWR0aD0iMSIgaGVpZ2h0PSIxIiB4bWxucz0iaHR0cDovL3d3dy53My5vcmcvMjAwMC9zdmciPjwvc3ZnPg==' class='lazyload' style='--smush-placeholder-width: 760px; --smush-placeholder-aspect-ratio: 760\/500;' \/><\/a> <a href='https:\/\/palomo.net\/wp-content\/uploads\/palomo-consultors-asesores-de-empresa-5.jpg' data-rel='gallery-1' data-prev-img='https:\/\/palomo.net\/wp-content\/uploads\/palomo-consultors-asesores-de-empresa-5-495x400.jpg' class='lightbox ' data-onclick='5' title='Palomo Consultors d&#039;empreses a Tortosa'  itemprop=\"thumbnailUrl\" ><img  data-src='https:\/\/palomo.net\/wp-content\/uploads\/palomo-consultors-asesores-de-empresa-5.jpg' width='760' height='500'  title='Palomo Consultors d&#039;empreses a Tortosa' alt='Palomo Consultors d&#039;empreses a Tortosa' src='data:image\/svg+xml;base64,PHN2ZyB3aWR0aD0iMSIgaGVpZ2h0PSIxIiB4bWxucz0iaHR0cDovL3d3dy53My5vcmcvMjAwMC9zdmciPjwvc3ZnPg==' class='lazyload' style='--smush-placeholder-width: 760px; --smush-placeholder-aspect-ratio: 760\/500;' \/><\/a> <a href='https:\/\/palomo.net\/wp-content\/uploads\/palomo-consultors-asesores-de-empresa-9..jpg' data-rel='gallery-1' data-prev-img='https:\/\/palomo.net\/wp-content\/uploads\/palomo-consultors-asesores-de-empresa-9.-495x400.jpg' class='first_thumb lightbox ' data-onclick='6' title='Palomo Consultors d&#039;empreses a Tortosa'  itemprop=\"thumbnailUrl\" ><img  data-src='https:\/\/palomo.net\/wp-content\/uploads\/palomo-consultors-asesores-de-empresa-9..jpg' width='760' height='500'  title='Palomo Consultors d&#039;empreses a Tortosa' alt='Palomo Consultors d&#039;empreses a Tortosa' src='data:image\/svg+xml;base64,PHN2ZyB3aWR0aD0iMSIgaGVpZ2h0PSIxIiB4bWxucz0iaHR0cDovL3d3dy53My5vcmcvMjAwMC9zdmciPjwvc3ZnPg==' class='lazyload' style='--smush-placeholder-width: 760px; --smush-placeholder-aspect-ratio: 760\/500;' \/><\/a> <a href='https:\/\/palomo.net\/wp-content\/uploads\/palomo-consultors-asesores-de-empresa-8..jpg' data-rel='gallery-1' data-prev-img='https:\/\/palomo.net\/wp-content\/uploads\/palomo-consultors-asesores-de-empresa-8.-495x400.jpg' class='lightbox ' data-onclick='7' title='Palomo Consultors d&#039;empreses a Tortosa'  itemprop=\"thumbnailUrl\" ><img  data-src='https:\/\/palomo.net\/wp-content\/uploads\/palomo-consultors-asesores-de-empresa-8..jpg' width='760' height='500'  title='Palomo Consultors d&#039;empreses a Tortosa' alt='Palomo Consultors d&#039;empreses a Tortosa' src='data:image\/svg+xml;base64,PHN2ZyB3aWR0aD0iMSIgaGVpZ2h0PSIxIiB4bWxucz0iaHR0cDovL3d3dy53My5vcmcvMjAwMC9zdmciPjwvc3ZnPg==' class='lazyload' style='--smush-placeholder-width: 760px; --smush-placeholder-aspect-ratio: 760\/500;' \/><\/a> <a href='https:\/\/palomo.net\/wp-content\/uploads\/palomo-consultors-asesores-de-empresa-6.jpg' data-rel='gallery-1' data-prev-img='https:\/\/palomo.net\/wp-content\/uploads\/palomo-consultors-asesores-de-empresa-6-495x400.jpg' class='lightbox ' data-onclick='8' title='Palomo Consultors d&#039;empreses a Tortosa'  itemprop=\"thumbnailUrl\" ><img  data-src='https:\/\/palomo.net\/wp-content\/uploads\/palomo-consultors-asesores-de-empresa-6.jpg' width='760' height='500'  title='Palomo Consultors d&#039;empreses a Tortosa' alt='Palomo Consultors d&#039;empreses a Tortosa' src='data:image\/svg+xml;base64,PHN2ZyB3aWR0aD0iMSIgaGVpZ2h0PSIxIiB4bWxucz0iaHR0cDovL3d3dy53My5vcmcvMjAwMC9zdmciPjwvc3ZnPg==' class='lazyload' style='--smush-placeholder-width: 760px; --smush-placeholder-aspect-ratio: 760\/500;' \/><\/a> <a href='https:\/\/palomo.net\/wp-content\/uploads\/palomo-consultors-asesores-de-empresa-7..jpg' data-rel='gallery-1' data-prev-img='https:\/\/palomo.net\/wp-content\/uploads\/palomo-consultors-asesores-de-empresa-7.-495x400.jpg' class='lightbox ' data-onclick='9' title='Palomo Consultors d&#039;empreses a Tortosa'  itemprop=\"thumbnailUrl\" ><img  data-src='https:\/\/palomo.net\/wp-content\/uploads\/palomo-consultors-asesores-de-empresa-7..jpg' width='760' height='500'  title='Palomo Consultors d&#039;empreses a Tortosa' alt='Palomo Consultors d&#039;empreses a Tortosa' src='data:image\/svg+xml;base64,PHN2ZyB3aWR0aD0iMSIgaGVpZ2h0PSIxIiB4bWxucz0iaHR0cDovL3d3dy53My5vcmcvMjAwMC9zdmciPjwvc3ZnPg==' class='lazyload' style='--smush-placeholder-width: 760px; --smush-placeholder-aspect-ratio: 760\/500;' \/><\/a> <a href='https:\/\/palomo.net\/wp-content\/uploads\/palomo-consultors-asesores-de-empresa-10..jpg' data-rel='gallery-1' data-prev-img='https:\/\/palomo.net\/wp-content\/uploads\/palomo-consultors-asesores-de-empresa-10.-495x400.jpg' class='lightbox ' data-onclick='10' title=''  itemprop=\"thumbnailUrl\" ><img  data-src='https:\/\/palomo.net\/wp-content\/uploads\/palomo-consultors-asesores-de-empresa-10..jpg' width='760' height='500'  title='Palomo Consultors Asesores de empresa en Tortosa' alt='' src='data:image\/svg+xml;base64,PHN2ZyB3aWR0aD0iMSIgaGVpZ2h0PSIxIiB4bWxucz0iaHR0cDovL3d3dy53My5vcmcvMjAwMC9zdmciPjwvc3ZnPg==' class='lazyload' style='--smush-placeholder-width: 760px; --smush-placeholder-aspect-ratio: 760\/500;' \/><\/a><\/div><\/div><\/p>\n","protected":false},"excerpt":{"rendered":"","protected":false},"author":4,"featured_media":0,"parent":0,"menu_order":0,"comment_status":"open","ping_status":"open","template":"","meta":{"_monsterinsights_skip_tracking":false,"_monsterinsights_sitenote_active":false,"_monsterinsights_sitenote_note":"","_monsterinsights_sitenote_category":0,"footnotes":""},"class_list":["post-3625","page","type-page","status-publish","hentry"],"yoast_head":"<!-- This site is optimized with the Yoast SEO plugin v27.4 - https:\/\/yoast.com\/product\/yoast-seo-wordpress\/ -->\n<title>La nostra firma - Palomo Consultors<\/title>\n<meta name=\"robots\" content=\"index, follow, max-snippet:-1, max-image-preview:large, max-video-preview:-1\" \/>\n<link rel=\"canonical\" href=\"https:\/\/palomo.net\/ca\/la-nostra-firma\/\" \/>\n<meta property=\"og:locale\" content=\"ca_ES\" \/>\n<meta property=\"og:type\" content=\"article\" \/>\n<meta property=\"og:title\" content=\"La nostra firma - Palomo Consultors\" \/>\n<meta property=\"og:url\" content=\"https:\/\/palomo.net\/ca\/la-nostra-firma\/\" \/>\n<meta property=\"og:site_name\" content=\"Palomo Consultors\" \/>\n<meta property=\"article:modified_time\" content=\"2025-09-23T10:04:55+00:00\" \/>\n<meta name=\"twitter:card\" content=\"summary_large_image\" \/>\n<meta name=\"twitter:label1\" content=\"Temps estimat de lectura\" \/>\n\t<meta name=\"twitter:data1\" content=\"3 minuts\" \/>\n<script type=\"application\/ld+json\" class=\"yoast-schema-graph\">{\"@context\":\"https:\\\/\\\/schema.org\",\"@graph\":[{\"@type\":\"WebPage\",\"@id\":\"https:\\\/\\\/palomo.net\\\/ca\\\/la-nostra-firma\\\/\",\"url\":\"https:\\\/\\\/palomo.net\\\/ca\\\/la-nostra-firma\\\/\",\"name\":\"La nostra firma - Palomo Consultors\",\"isPartOf\":{\"@id\":\"https:\\\/\\\/palomo.net\\\/#website\"},\"datePublished\":\"2015-03-05T11:48:16+00:00\",\"dateModified\":\"2025-09-23T10:04:55+00:00\",\"breadcrumb\":{\"@id\":\"https:\\\/\\\/palomo.net\\\/ca\\\/la-nostra-firma\\\/#breadcrumb\"},\"inLanguage\":\"ca\",\"potentialAction\":[{\"@type\":\"ReadAction\",\"target\":[\"https:\\\/\\\/palomo.net\\\/ca\\\/la-nostra-firma\\\/\"]}]},{\"@type\":\"BreadcrumbList\",\"@id\":\"https:\\\/\\\/palomo.net\\\/ca\\\/la-nostra-firma\\\/#breadcrumb\",\"itemListElement\":[{\"@type\":\"ListItem\",\"position\":1,\"name\":\"Portada\",\"item\":\"https:\\\/\\\/palomo.net\\\/ca\\\/\"},{\"@type\":\"ListItem\",\"position\":2,\"name\":\"La nostra firma\"}]},{\"@type\":\"WebSite\",\"@id\":\"https:\\\/\\\/palomo.net\\\/#website\",\"url\":\"https:\\\/\\\/palomo.net\\\/\",\"name\":\"Palomo Consultors\",\"description\":\"Assessors Laborales d&#039; Empresas\",\"potentialAction\":[{\"@type\":\"SearchAction\",\"target\":{\"@type\":\"EntryPoint\",\"urlTemplate\":\"https:\\\/\\\/palomo.net\\\/?s={search_term_string}\"},\"query-input\":{\"@type\":\"PropertyValueSpecification\",\"valueRequired\":true,\"valueName\":\"search_term_string\"}}],\"inLanguage\":\"ca\"}]}<\/script>\n<!-- \/ Yoast SEO plugin. -->","yoast_head_json":{"title":"La nostra firma - Palomo Consultors","robots":{"index":"index","follow":"follow","max-snippet":"max-snippet:-1","max-image-preview":"max-image-preview:large","max-video-preview":"max-video-preview:-1"},"canonical":"https:\/\/palomo.net\/ca\/la-nostra-firma\/","og_locale":"ca_ES","og_type":"article","og_title":"La nostra firma - Palomo Consultors","og_url":"https:\/\/palomo.net\/ca\/la-nostra-firma\/","og_site_name":"Palomo Consultors","article_modified_time":"2025-09-23T10:04:55+00:00","twitter_card":"summary_large_image","twitter_misc":{"Temps estimat de lectura":"3 minuts"},"schema":{"@context":"https:\/\/schema.org","@graph":[{"@type":"WebPage","@id":"https:\/\/palomo.net\/ca\/la-nostra-firma\/","url":"https:\/\/palomo.net\/ca\/la-nostra-firma\/","name":"La nostra firma - Palomo Consultors","isPartOf":{"@id":"https:\/\/palomo.net\/#website"},"datePublished":"2015-03-05T11:48:16+00:00","dateModified":"2025-09-23T10:04:55+00:00","breadcrumb":{"@id":"https:\/\/palomo.net\/ca\/la-nostra-firma\/#breadcrumb"},"inLanguage":"ca","potentialAction":[{"@type":"ReadAction","target":["https:\/\/palomo.net\/ca\/la-nostra-firma\/"]}]},{"@type":"BreadcrumbList","@id":"https:\/\/palomo.net\/ca\/la-nostra-firma\/#breadcrumb","itemListElement":[{"@type":"ListItem","position":1,"name":"Portada","item":"https:\/\/palomo.net\/ca\/"},{"@type":"ListItem","position":2,"name":"La nostra firma"}]},{"@type":"WebSite","@id":"https:\/\/palomo.net\/#website","url":"https:\/\/palomo.net\/","name":"Palomo Consultors","description":"Assessors Laborales d&#039; Empresas","potentialAction":[{"@type":"SearchAction","target":{"@type":"EntryPoint","urlTemplate":"https:\/\/palomo.net\/?s={search_term_string}"},"query-input":{"@type":"PropertyValueSpecification","valueRequired":true,"valueName":"search_term_string"}}],"inLanguage":"ca"}]}},"_links":{"self":[{"href":"https:\/\/palomo.net\/ca\/wp-json\/wp\/v2\/pages\/3625\/"}],"collection":[{"href":"https:\/\/palomo.net\/ca\/wp-json\/wp\/v2\/pages\/"}],"about":[{"href":"https:\/\/palomo.net\/ca\/wp-json\/wp\/v2\/types\/page\/"}],"author":[{"embeddable":true,"href":"https:\/\/palomo.net\/ca\/wp-json\/wp\/v2\/users\/4\/"}],"replies":[{"embeddable":true,"href":"https:\/\/palomo.net\/ca\/wp-json\/wp\/v2\/comments\/?post=3625"}],"version-history":[{"count":5,"href":"https:\/\/palomo.net\/ca\/wp-json\/wp\/v2\/pages\/3625\/revisions\/"}],"predecessor-version":[{"id":13961,"href":"https:\/\/palomo.net\/ca\/wp-json\/wp\/v2\/pages\/3625\/revisions\/13961\/"}],"wp:attachment":[{"href":"https:\/\/palomo.net\/ca\/wp-json\/wp\/v2\/media\/?parent=3625"}],"curies":[{"name":"wp","href":"https:\/\/api.w.org\/{rel}","templated":true}]}}