{"id":3644,"date":"2015-03-03T10:43:01","date_gmt":"2015-03-03T09:43:01","guid":{"rendered":"http:\/\/palomo.net\/aviso-legal-2\/"},"modified":"2016-08-05T13:29:49","modified_gmt":"2016-08-05T11:29:49","slug":"avis-legal","status":"publish","type":"page","link":"https:\/\/palomo.net\/ca\/avis-legal\/","title":{"rendered":"Av\u00eds legal"},"content":{"rendered":"<h2 class=\"strong\">AVIS LEGAL<\/h2>\n<h2 class=\"strong\">CONCEPTE D\u2019USUARI<\/h2>\n<p class=\"spacer\">L\u2019 utilitzaci\u00f3 de la Web atribueix la condici\u00f3 d\u2019Usuari, i implica l\u2019acceptaci\u00f3 plena i sense reserves de totes i cadascuna de les disposicions incloses en aquest Av\u00eds Legal en la versi\u00f3 publicada per <strong>PALOMO CONSULTORS, S.L.<\/strong> en el mateix moment en qu\u00e8 l\u2019Usuari accedeixi a la web. Com a conseq\u00fc\u00e8ncia, l\u2019 Usuari ha de llegir atentament el present Av\u00eds Legal en cadascun dels moments en qu\u00e8 es proposi utilitzar la Web, ja que pot contenir modificacions.<\/p>\n<h2 class=\"strong\">INFORMACI\u00d3 SOBRE ELS LINKS<\/h2>\n<p class=\"spacer\"><strong>PALOMO CONSULTORS, S.L<\/strong>. no es fa responsable de les webs no pr\u00f2pies a les que es pugui accedir mitjan\u00e7ant vincles \u201clinks\u201d o de qualsevol contingut posat a disposici\u00f3 per tercers. Qualsevol \u00fas d\u2019un vincle o acc\u00e9s a una web no pr\u00f2pia \u00e9s realitzat per voluntat i risc exclusiu de l\u2019usuari i <strong>PALOMO CONSULTORS, S.L.<\/strong> no recomana ni garanteix cap informaci\u00f3 obtinguda a trav\u00e9s d\u2019un vincle ali\u00e8 a la web de <strong>PALOMO CONSULTORS, S.L.<\/strong> ni es responsabilitza de cap p\u00e8rdua, reclamaci\u00f3 o perjudici derivada de l\u2019\u00fas o mal \u00fas d\u2019un vincle, o de la informaci\u00f3 obtinguda a trav\u00e9s d\u2019aquest, incloent altres vincles o webs, de la interrupci\u00f3 en el servei o en l\u2019acc\u00e9s, o de la iniciativa d\u2019utilitzar o utilitzar malament un vincle, ja sigui al connectar a la Web de <strong>PALOMO CONSULTORS, S.L.<\/strong> como a l\u2019accedir a la informaci\u00f3 d\u2019altres webs des de la Web de <strong>PALOMO CONSULTORS, S.L.<\/strong><\/p>\n<h2 class=\"strong\">INFORMACI\u00d3 SOBRE LA UTILIZACI\u00d3 DE COOKIES<\/h2>\n<p class=\"spacer\">En aquesta Web es poden estar utilitzant <strong>cookies<\/strong> en algunes p\u00e0gines. La finalitat de d\u2019aquestes <strong>cookies<\/strong> \u00e9s millorar el servei que ofereixen als seus clients i als nostres visitants. Les <strong>cookies<\/strong> s\u00f3n petits fitxers de dades que es generen en l\u2019 ordinador de l\u2019usuari i que permeten obtenir la seg\u00fcent informaci\u00f3:<\/p>\n<ul class=\"spacer\">\n<li>Data i hora de l\u2019 \u00faltima vegada que l\u2019usuari va visitar la Web.<\/li>\n<li>Disseny de contingut que l\u2019usuari va escollir en la seva primera visita a la web.<\/li>\n<li>Elements de seguretat que intervenen en el control d\u2019acc\u00e9s a las \u00e0rees restringides.<\/li>\n<\/ul>\n<h2 class=\"strong\">RENUNCIA I LIMITACI\u00d3 DE LA RESPONSABILITAT<\/h2>\n<p class=\"spacer\">La informaci\u00f3 i serveis inclosos o disponibles a trav\u00e9s de las p\u00e0gines web poden incloure incorreccions o errors tipogr\u00e0fics. De manera peri\u00f2dica s\u2019incorporen canvis a la informaci\u00f3 continguda. <strong>PALOMO CONSULTORS, S.L.<\/strong> pot incloure en qualsevol moment millores o canvis i\/o canvis en els serveis o continguts.<\/p>\n<p><strong>PALOMO CONSULTORS, S.L.<\/strong> ha obtingut la informaci\u00f3 i els materials inclosos en la web de fonts considerades com a fiables, per\u00f2, si b\u00e9 s\u2019 han pres les mesures corresponents per a assegurar que la informaci\u00f3 continguda sigui correcta, no garanteix que sigui exacta i actualitzada.<\/p>\n<p class=\"spacer\">Tamb\u00e9 s\u2019adverteix que els continguts d\u2019aquesta Web tenen una finalitat informativa en relaci\u00f3 a qualitat, situaci\u00f3 i serveis.<\/p>\n<h2 class=\"strong\">INFORMACI\u00d3 SOBRE LA EXENCI\u00d3 DE TOTA LA RESPONSABILITAT DERIVADA D\u2019UN ERROR T\u00c8CNICO I DE CONTINGUT<\/h2>\n<p class=\"spacer\"><strong>PALOMO CONSULTORS, S.L.<\/strong> declina qualsevol responsabilitat en cas que existeixin interrupcions o un mal funcionament dels serveis o continguts oferts a Internet, qualsevol que sigui la seva causa. Aix\u00ed mateix, <strong>PALOMO CONSULTORS, S.L.<\/strong> no es fa responsable per caigudes de la Red, p\u00e8rdues de negoci a conseq\u00fc\u00e8ncia de les esmentades caigudes, suspensions temporals de fluid el\u00e8ctric o qualsevol altre tipus. <strong>PALOMO CONSULTORS, S.L.<\/strong> no declara ni garanteix que els serveis o continguts no siguin interromputs o que estiguin lliures d\u2019errades, que los defectes siguin corregits, o que el servei o el servidor que el posa a disposici\u00f3 estiguin lliures de virus o altres components, sens perjudici que <strong>PALOMO CONSULTORS, S.L.<\/strong> realitza els seus millors esfor\u00e7os per a evitar aquest tipus d\u2019incidents. En cas que l\u2019Usuari prengu\u00e9s determinades decisions o realitz\u00e9s acciones en base a la informaci\u00f3 inclosa en qualsevol dels websites, es recomana la comprovaci\u00f3 de la informaci\u00f3 rebuda amb altres fonts.<\/p>\n<h2 class=\"strong\">PROPIETAT INDUSTRIAL I INTEL\u00b7LECTUAL<\/h2>\n<p class=\"spacer\">Els continguts prestats per <strong>PALOMO CONSULTORS, S.L.<\/strong> aix\u00ed com els continguts manifestats a la Red a trav\u00e9s de les seves p\u00e0gines web, constitueixen una obre en el sentit de la legislaci\u00f3 sobre la propietat intel\u00b7lectual, per la qual cosa es troben protegits per les lleis i convenis internacionals aplicables en la mat\u00e8ria.<\/p>\n<p class=\"spacer\">Queda prohibida qualsevol forma de reproducci\u00f3, distribuci\u00f3, comunicaci\u00f3 p\u00fablica, transformaci\u00f3, posada a disposici\u00f3 i, en general, qualsevol altre acte d\u2019explotaci\u00f3 p\u00fablica en refer\u00e8ncia, ja sigui a les p\u00e0gines Web com als seus continguts i informaci\u00f3, sense l\u2019expressat i previ consentiment i per escrit de <strong>PALOMO CONSULTORS, S.L.<\/strong><\/p>\n<p class=\"spacer\">En conseq\u00fc\u00e8ncia, tots els continguts que es mostren en els diferents websites i, en especial, dissenys, texts, gr\u00e0fics, logos, icones, botons, software, noms comercials, marques, dibuixos industrials o qualsevol altre signe susceptible d\u2019utilitzaci\u00f3 industrial i comercial estan subjectes a drets de propietat intel\u00b7lectual i industrial de <strong>PALOMO CONSULTORS, S.L.<\/strong> o de tercers titulars dels mateixos que han autoritzat degudament la seva inclusi\u00f3 en els diferents websites.<\/p>\n<p class=\"spacer\">Els continguts, imatges, formes, opinions, \u00edndex i altres expressions formals que formen part de les p\u00e0gines Web, aix\u00ed com el software necessari per al funcionament i visualitzaci\u00f3 de les mateixes, constitueixen aix\u00ed mateix una obra en el sentit del Dret d\u2019Autor i resten per tant, protegides per les convencions internacionals i legislaci\u00f3 nacional en mat\u00e8ria de Propietat intel\u00b7lectual que resulten aplicables. L\u2019 incompliment de tot l\u2019esmentat implica la comissi\u00f3 de greus actes il\u00b7l\u00edcits i la seva sanci\u00f3 per la legislaci\u00f3 civil i penal.<\/p>\n<p class=\"spacer\">Queda prohibit tot acte mitjan\u00e7ant la virtut del qual els Usuaris dels serveis o continguts poden explotar o servir-se comercialment directa o indirectament, en la seva totalitat o parcialment, de qualsevol dels continguts, imatges, formes, \u00edndex i la resta d\u2019expressions formals que formen part de les p\u00e0gines Web sense perm\u00eds previ i per escrit de <strong>PALOMO CONSULTORS, S.L.<\/strong><\/p>\n<p class=\"spacer\">En concret, i sense car\u00e0cter exhaustiu, queden prohibits els actes de reproducci\u00f3, distribuci\u00f3, exhibici\u00f3, transmissi\u00f3, retransmissi\u00f3, emissi\u00f3 de qualsevol forma, emmagatzematge en suports f\u00edsics o l\u00f2gics (per exemple, disquets o dics dur d\u2019ordinadors), digitalitzaci\u00f3 o disposada des de bases de dades diferents de les pertanyents a les autoritzades per <strong>PALOMO CONSULTORS, S.L.<\/strong>, aix\u00ed com la seva traducci\u00f3, adaptaci\u00f3, arreglament o qualsevol altra transformaci\u00f3 de les esmentades opinions, imatges, formes, \u00edndexs, i la resta d\u2019expressions formals que es posin a disposici\u00f3 dels Usuaris a trav\u00e9s dels serveis o continguts, sempre que els esmentats actes estigui sotmesos a la legislaci\u00f3 aplicable en mat\u00e8ria de Propietat intel\u00b7lectual, industrial o de protecci\u00f3 de la imatge.<\/p>\n<p class=\"spacer\"><strong>PALOMO CONSULTORS, S.L.<\/strong> \u00e9s lliure de limitar l\u2019acc\u00e9s a les p\u00e0gines Web, i als productes i\/o serveis oferts en ella, aix\u00ed com la conseg\u00fcent publicaci\u00f3 de les opinions, observacions, imatges o comentaris que els Usuaris puguin fer-li arribar a trav\u00e9s del correu electr\u00f2nic.<\/p>\n<p class=\"spacer\"><strong>PALOMO CONSULTORS, S.L.<\/strong> en aquest sentit, podr\u00e0 establir, si ho considera oport\u00fa, sens perjudici de l\u2019\u00fanica i exclusiva responsabilitat dels Usuaris, els filtres necessaris amb la finalitat d\u2019evitar que a trav\u00e9s de les seves p\u00e0gines Web puguin publicar-se a la Red opinions o continguts considerats com a racistes, xen\u00f2fobs, discriminatoris, pornogr\u00e0fics, difamatoris o que fomentin la viol\u00e8ncia o la disseminaci\u00f3 de continguts clarament il\u00b7l\u00edcits o nocius.<\/p>\n<p class=\"spacer\">Aquells Usuaris que envi\u00efn a les p\u00e0gines Web de <strong>PALOMO CONSULTORS, S.L.<\/strong>, al seu departament de propostes, observacions, opinions o comentaris mitjan\u00e7ant el servei de correu electr\u00f2nic, llevat que expressin de manera certa i inconfusible el contrari, en els casos en els que per la naturalesa dels serveis o continguts sigui possible, s\u2019ent\u00e9n que autoritzen a <strong>PALOMO CONSULTORS, S.L.<\/strong> per a la reproducci\u00f3, distribuci\u00f3, exhibici\u00f3, transmissi\u00f3, retransmissi\u00f3, emissi\u00f3 en qualsevol format, emmagatzematge en suportes f\u00edsics o l\u00f2gics (por exemple, disquets o disc duro d\u2019ordinadors), digitalizaci\u00f3, posada a disposici\u00f3 des de bases de dades pertinents a <strong>PALOMO CONSULTORS, S.L.<\/strong>, traducci\u00f3, adaptaci\u00f3, arreglo o qualsevol altra transformaci\u00f3 de les esmentades observacions, opinions o comentaris, por tot el temps de protecci\u00f3 de dret d\u2019 autor que estigui aprovisionat legalment.<\/p>\n<p class=\"spacer\">D\u2019aquesta manera, s\u2019ent\u00e9n que aquesta autoritzaci\u00f3 es fa a t\u00edtol gratu\u00eft i que nom\u00e9s pel fet d\u2019enviar per correu electr\u00f2nic observacions, opinions o comentaris, els Usuaris declinen qualsevol pretensi\u00f3 remunerat\u00f2ria per part de <strong>PALOMO CONSULTORS, S.L.<\/strong><\/p>\n<p class=\"spacer\">D\u2019acord amb el que s\u2019ha assenyalat en el par\u00e0graf anterior, <strong>PALOMO CONSULTORS, S.L.<\/strong> queda autoritzada igualment per a procedir a la modificaci\u00f3 o alteraci\u00f3 de les observacions, opinions o comentaris, amb la finalitat d\u2019adaptar-los a les necessitats de format editorial de les p\u00e0gines Web, sense que per aix\u00f2 es pugui entendre que existeix en absolut qualsevol tipus de lesi\u00f3 de qualsevol de les facultats morals de dret d\u2019autor que els Usuaris poguessin ostentar sobre aquelles.<\/p>\n<p class=\"spacer\">Queden prohibits qualsevol dels recursos t\u00e8cnics, l\u00f2gics o tecnol\u00f2gics per virtut dels quals un tercer pugui beneficiar-se, directa o indirectament, amb o sense lucre, de tots i cadascun dels continguts, formes, \u00edndexs i resta d\u2019expressions formals que formen part de les p\u00e0gines Web, o de l\u2019esfor\u00e7 dut a terme per por <strong>PALOMO CONSULTORS, S.L.<\/strong> per al seu funcionament.<\/p>\n<p class=\"spacer\">En concret, queda prohibit tot link, hyperlink, framing o vincle semblant que pugui establir-se en direcci\u00f3 a las p\u00e0gines Web de <strong>PALOMO CONSULTORS, S.L.<\/strong> sense el consentiment previ, expressat i per escrit de <strong>PALOMO CONSULTORS, S.L.<\/strong> Qualsevol transgressi\u00f3 de tot el disposat en aquest punt ser\u00e0 considerat com a lesi\u00f3 dels leg\u00edtims drets de Propietat intel\u00b7lectual de <strong>PALOMO CONSULTORS, S.L.<\/strong> sobre les p\u00e0gines Web i tots els continguts de les mateixes.<\/p>\n<p class=\"spacer\"><strong>PALOMO CONSULTORS, S.L.<\/strong> no assumir\u00e0 cap responsabilitat enfront les conseq\u00fc\u00e8ncies derivades de les conductes i actuacions abans citades, de la mateixa manera que no assumir\u00e0 cap responsabilitat pels continguts, serveis, productes, etc. De tercers als quals es pugui accedir directament o mitjan\u00e7ant banners, enlla\u00e7os, links, hyperlinks, framing o vincles similars des dels websites de <strong>PALOMO CONSULTORS, S.L.<\/strong><\/p>\n","protected":false},"excerpt":{"rendered":"<p>AVIS LEGAL CONCEPTE D\u2019USUARI L\u2019 utilitzaci\u00f3 de la Web atribueix la condici\u00f3 d\u2019Usuari, i implica l\u2019acceptaci\u00f3 plena i sense reserves de totes i cadascuna de les disposicions incloses en aquest Av\u00eds Legal en la versi\u00f3 publicada per PALOMO CONSULTORS, S.L. en el mateix moment en qu\u00e8 l\u2019Usuari accedeixi a la web. Com a conseq\u00fc\u00e8ncia, l\u2019 [&hellip;]<\/p>\n","protected":false},"author":4,"featured_media":6809,"parent":0,"menu_order":0,"comment_status":"open","ping_status":"open","template":"","meta":{"_monsterinsights_skip_tracking":false,"_monsterinsights_sitenote_active":false,"_monsterinsights_sitenote_note":"","_monsterinsights_sitenote_category":0,"footnotes":""},"class_list":["post-3644","page","type-page","status-publish","has-post-thumbnail","hentry"],"yoast_head":"<!-- This site is optimized with the Yoast SEO plugin v27.4 - https:\/\/yoast.com\/product\/yoast-seo-wordpress\/ -->\n<title>Avis legal. Condicions de Palomo Consultors<\/title>\n<meta name=\"description\" content=\"Avis legal. Condicions de Palomo Consultors respecte a usuaris, cookies, responsabilitat de la p\u00e0gina i les seves publicacions.\" \/>\n<meta name=\"robots\" content=\"index, follow, max-snippet:-1, max-image-preview:large, max-video-preview:-1\" \/>\n<link rel=\"canonical\" href=\"https:\/\/palomo.net\/ca\/avis-legal\/\" \/>\n<meta property=\"og:locale\" content=\"ca_ES\" \/>\n<meta property=\"og:type\" content=\"article\" \/>\n<meta property=\"og:title\" content=\"Avis legal. Condicions de Palomo Consultors\" \/>\n<meta property=\"og:description\" content=\"Avis legal. Condicions de Palomo Consultors respecte a usuaris, cookies, responsabilitat de la p\u00e0gina i les seves publicacions.\" \/>\n<meta property=\"og:url\" content=\"https:\/\/palomo.net\/ca\/avis-legal\/\" \/>\n<meta property=\"og:site_name\" content=\"Palomo Consultors\" \/>\n<meta property=\"article:modified_time\" content=\"2016-08-05T11:29:49+00:00\" \/>\n<meta property=\"og:image\" content=\"https:\/\/palomo.net\/wp-content\/uploads\/aviso-legal.jpg\" \/>\n\t<meta property=\"og:image:width\" content=\"225\" \/>\n\t<meta property=\"og:image:height\" content=\"225\" \/>\n\t<meta property=\"og:image:type\" content=\"image\/jpeg\" \/>\n<meta name=\"twitter:card\" content=\"summary_large_image\" \/>\n<meta name=\"twitter:label1\" content=\"Temps estimat de lectura\" \/>\n\t<meta name=\"twitter:data1\" content=\"9 minuts\" \/>\n<script type=\"application\/ld+json\" class=\"yoast-schema-graph\">{\"@context\":\"https:\\\/\\\/schema.org\",\"@graph\":[{\"@type\":\"WebPage\",\"@id\":\"https:\\\/\\\/palomo.net\\\/ca\\\/avis-legal\\\/\",\"url\":\"https:\\\/\\\/palomo.net\\\/ca\\\/avis-legal\\\/\",\"name\":\"Avis legal. Condicions de Palomo Consultors\",\"isPartOf\":{\"@id\":\"https:\\\/\\\/palomo.net\\\/#website\"},\"primaryImageOfPage\":{\"@id\":\"https:\\\/\\\/palomo.net\\\/ca\\\/avis-legal\\\/#primaryimage\"},\"image\":{\"@id\":\"https:\\\/\\\/palomo.net\\\/ca\\\/avis-legal\\\/#primaryimage\"},\"thumbnailUrl\":\"https:\\\/\\\/palomo.net\\\/wp-content\\\/uploads\\\/aviso-legal.jpg\",\"datePublished\":\"2015-03-03T09:43:01+00:00\",\"dateModified\":\"2016-08-05T11:29:49+00:00\",\"description\":\"Avis legal. Condicions de Palomo Consultors respecte a usuaris, cookies, responsabilitat de la p\u00e0gina i les seves publicacions.\",\"breadcrumb\":{\"@id\":\"https:\\\/\\\/palomo.net\\\/ca\\\/avis-legal\\\/#breadcrumb\"},\"inLanguage\":\"ca\",\"potentialAction\":[{\"@type\":\"ReadAction\",\"target\":[\"https:\\\/\\\/palomo.net\\\/ca\\\/avis-legal\\\/\"]}]},{\"@type\":\"ImageObject\",\"inLanguage\":\"ca\",\"@id\":\"https:\\\/\\\/palomo.net\\\/ca\\\/avis-legal\\\/#primaryimage\",\"url\":\"https:\\\/\\\/palomo.net\\\/wp-content\\\/uploads\\\/aviso-legal.jpg\",\"contentUrl\":\"https:\\\/\\\/palomo.net\\\/wp-content\\\/uploads\\\/aviso-legal.jpg\",\"width\":225,\"height\":225},{\"@type\":\"BreadcrumbList\",\"@id\":\"https:\\\/\\\/palomo.net\\\/ca\\\/avis-legal\\\/#breadcrumb\",\"itemListElement\":[{\"@type\":\"ListItem\",\"position\":1,\"name\":\"Portada\",\"item\":\"https:\\\/\\\/palomo.net\\\/ca\\\/\"},{\"@type\":\"ListItem\",\"position\":2,\"name\":\"Av\u00eds legal\"}]},{\"@type\":\"WebSite\",\"@id\":\"https:\\\/\\\/palomo.net\\\/#website\",\"url\":\"https:\\\/\\\/palomo.net\\\/\",\"name\":\"Palomo Consultors\",\"description\":\"Assessors Laborales d&#039; Empresas\",\"potentialAction\":[{\"@type\":\"SearchAction\",\"target\":{\"@type\":\"EntryPoint\",\"urlTemplate\":\"https:\\\/\\\/palomo.net\\\/?s={search_term_string}\"},\"query-input\":{\"@type\":\"PropertyValueSpecification\",\"valueRequired\":true,\"valueName\":\"search_term_string\"}}],\"inLanguage\":\"ca\"}]}<\/script>\n<!-- \/ Yoast SEO plugin. -->","yoast_head_json":{"title":"Avis legal. Condicions de Palomo Consultors","description":"Avis legal. Condicions de Palomo Consultors respecte a usuaris, cookies, responsabilitat de la p\u00e0gina i les seves publicacions.","robots":{"index":"index","follow":"follow","max-snippet":"max-snippet:-1","max-image-preview":"max-image-preview:large","max-video-preview":"max-video-preview:-1"},"canonical":"https:\/\/palomo.net\/ca\/avis-legal\/","og_locale":"ca_ES","og_type":"article","og_title":"Avis legal. Condicions de Palomo Consultors","og_description":"Avis legal. Condicions de Palomo Consultors respecte a usuaris, cookies, responsabilitat de la p\u00e0gina i les seves publicacions.","og_url":"https:\/\/palomo.net\/ca\/avis-legal\/","og_site_name":"Palomo Consultors","article_modified_time":"2016-08-05T11:29:49+00:00","og_image":[{"width":225,"height":225,"url":"https:\/\/palomo.net\/wp-content\/uploads\/aviso-legal.jpg","type":"image\/jpeg"}],"twitter_card":"summary_large_image","twitter_misc":{"Temps estimat de lectura":"9 minuts"},"schema":{"@context":"https:\/\/schema.org","@graph":[{"@type":"WebPage","@id":"https:\/\/palomo.net\/ca\/avis-legal\/","url":"https:\/\/palomo.net\/ca\/avis-legal\/","name":"Avis legal. Condicions de Palomo Consultors","isPartOf":{"@id":"https:\/\/palomo.net\/#website"},"primaryImageOfPage":{"@id":"https:\/\/palomo.net\/ca\/avis-legal\/#primaryimage"},"image":{"@id":"https:\/\/palomo.net\/ca\/avis-legal\/#primaryimage"},"thumbnailUrl":"https:\/\/palomo.net\/wp-content\/uploads\/aviso-legal.jpg","datePublished":"2015-03-03T09:43:01+00:00","dateModified":"2016-08-05T11:29:49+00:00","description":"Avis legal. Condicions de Palomo Consultors respecte a usuaris, cookies, responsabilitat de la p\u00e0gina i les seves publicacions.","breadcrumb":{"@id":"https:\/\/palomo.net\/ca\/avis-legal\/#breadcrumb"},"inLanguage":"ca","potentialAction":[{"@type":"ReadAction","target":["https:\/\/palomo.net\/ca\/avis-legal\/"]}]},{"@type":"ImageObject","inLanguage":"ca","@id":"https:\/\/palomo.net\/ca\/avis-legal\/#primaryimage","url":"https:\/\/palomo.net\/wp-content\/uploads\/aviso-legal.jpg","contentUrl":"https:\/\/palomo.net\/wp-content\/uploads\/aviso-legal.jpg","width":225,"height":225},{"@type":"BreadcrumbList","@id":"https:\/\/palomo.net\/ca\/avis-legal\/#breadcrumb","itemListElement":[{"@type":"ListItem","position":1,"name":"Portada","item":"https:\/\/palomo.net\/ca\/"},{"@type":"ListItem","position":2,"name":"Av\u00eds legal"}]},{"@type":"WebSite","@id":"https:\/\/palomo.net\/#website","url":"https:\/\/palomo.net\/","name":"Palomo Consultors","description":"Assessors Laborales d&#039; Empresas","potentialAction":[{"@type":"SearchAction","target":{"@type":"EntryPoint","urlTemplate":"https:\/\/palomo.net\/?s={search_term_string}"},"query-input":{"@type":"PropertyValueSpecification","valueRequired":true,"valueName":"search_term_string"}}],"inLanguage":"ca"}]}},"_links":{"self":[{"href":"https:\/\/palomo.net\/ca\/wp-json\/wp\/v2\/pages\/3644\/"}],"collection":[{"href":"https:\/\/palomo.net\/ca\/wp-json\/wp\/v2\/pages\/"}],"about":[{"href":"https:\/\/palomo.net\/ca\/wp-json\/wp\/v2\/types\/page\/"}],"author":[{"embeddable":true,"href":"https:\/\/palomo.net\/ca\/wp-json\/wp\/v2\/users\/4\/"}],"replies":[{"embeddable":true,"href":"https:\/\/palomo.net\/ca\/wp-json\/wp\/v2\/comments\/?post=3644"}],"version-history":[{"count":3,"href":"https:\/\/palomo.net\/ca\/wp-json\/wp\/v2\/pages\/3644\/revisions\/"}],"predecessor-version":[{"id":8868,"href":"https:\/\/palomo.net\/ca\/wp-json\/wp\/v2\/pages\/3644\/revisions\/8868\/"}],"wp:featuredmedia":[{"embeddable":true,"href":"https:\/\/palomo.net\/ca\/wp-json\/wp\/v2\/media\/6809\/"}],"wp:attachment":[{"href":"https:\/\/palomo.net\/ca\/wp-json\/wp\/v2\/media\/?parent=3644"}],"curies":[{"name":"wp","href":"https:\/\/api.w.org\/{rel}","templated":true}]}}