{"id":3647,"date":"2015-03-03T10:47:55","date_gmt":"2015-03-03T09:47:55","guid":{"rendered":"http:\/\/palomo.net\/politica-de-privacidad-2\/"},"modified":"2015-03-19T11:54:19","modified_gmt":"2015-03-19T10:54:19","slug":"politica-de-privacitat","status":"publish","type":"page","link":"https:\/\/palomo.net\/ca\/politica-de-privacitat\/","title":{"rendered":"Pol\u00edtica de privacitat"},"content":{"rendered":"<h2 class=\"strong\">OBJECTE DE LA POL\u00cdTICA DE PRIVACITAT<\/h2>\n<p class=\"spacer\"><strong>PALOMO CONSULTORS, S.L.<\/strong> informa als Usuaris que compleix amb la vigent normativa de protecci\u00f3 de dades, i amb car\u00e0cter especial, amb la Llei Org\u00e0nica 15\/1999, de 13 de Desembre, de Protecci\u00f3 de Dades de Car\u00e0cter Personal, la Llei 34\/2002. D\u2019acord amb el disposat en la normativa vigent, <strong>PALOMO CONSULTORS, S.L.<\/strong> nom\u00e9s recull les dades estrictament necess\u00e0ries per a oferir els serveis derivats de la seva i la resta de prestacions, serveis i activitats atribu\u00efdes per la llei. La present pol\u00edtica de protecci\u00f3 de dades podr\u00e0 variar amb el temps com a conseq\u00fc\u00e8ncia dels possibles canvis legislatius, jurisprudencials o dels criteris seguits per l\u2019Ag\u00e8ncia Espa\u00f1ola de Protecci\u00f3 de Dades i\/o l\u2019autoritat competent en cada moment. \u00c9s per aix\u00f2, que <strong>PALOMO CONSULTORS, S.L.<\/strong> es reserva el dret de modificar el present av\u00eds legal per a adaptar-lo a novetats legislatives o jurisprudencials que es trobin vigents en el moment prec\u00eds en que s\u2019 accedeixi als websites, aix\u00ed com a pr\u00e0ctiques del sector. En los anteriors sup\u00f2sits, <strong>PALOMO CONSULTORS, S.L.<\/strong> anunciar\u00e0 en aquesta p\u00e0gina Web, els canvis introdu\u00efts amb la suficient antelaci\u00f3 a la seva posada en pr\u00e0ctica.<\/p>\n<h2 class=\"strong\">CONFIDENCIALITAT<\/h2>\n<p class=\"spacer\">Totes les dades proporcionades a trav\u00e9s de correu electr\u00f2nic o formularis electr\u00f2nics seran tractades segons la normativa vigent sobre protecci\u00f3 de dades personals i, en tot cas, tindran el car\u00e0cter de confidencial per al personal de <strong>PALOMO CONSULTORS, S.L.<\/strong> que gestioni la informaci\u00f3 citada.<\/p>\n<h2 class=\"strong spacer\">INFORMACI\u00d3 SOBRE LA VOLUNTARIETAT DE DEIXAR LES DADES I LES SEVES CONSEQ\u00dc\u00c8NCIES<\/h2>\n<h3 class=\"strong\">VOLUNTARIETAT<\/h3>\n<p class=\"spacer\">S\u2019informa als Usuaris de la website, que les respostes a les preguntes plantejades en els formularis de recollida de dades continguts en al present website tenen car\u00e0cter voluntari, si b\u00e9 la negativa a facilitar les dades sol\u00b7licitades pot comportar la impossibilitat d\u2019acc\u00e9s als serveis que ho requereixin.<\/p>\n<h3 class=\"strong\">CONSQ\u00dc\u00c8NCIA<\/h3>\n<p class=\"spacer\">Mitjan\u00e7ant la implementaci\u00f3 dels formularis inclosos en els diferents websites, relatius a serveis prestats per PALOMO CONSULTORS, S.L., els Usuaris accepten la inclusi\u00f3 i tractament de les dades proporcionades en un fitxer de dades de car\u00e0cter personal, del qual \u00e9s titular <strong>PALOMO CONSULTORS, S.L.<\/strong> podent exercir els drets pertinents segons la cl\u00e0usula seg\u00fcent.<\/p>\n<h2 class=\"strong\">INFORMACI\u00d3 A L\u2019USUARI SOBRE ELS DRETS DE RECTIFICACI\u00d3, ACC\u00c9S, OPOSICI\u00d3 I CANCELACI\u00d3 DE LES SEVES DADES<\/h2>\n<p class=\"spacer\">Els Usuaris podran exercir, respecte les dades recaptades en la manera descrita en el punt anterior, els drets reconeguts en la Llei Org\u00e0nica 15\/1999, i en particular els drets d\u2019acc\u00e9s, rectificaci\u00f3, oposici\u00f3 i\/o cancel\u00b7laci\u00f3 de dades. Els drets referits en el par\u00e0graf precedent, podran exercitar-se per cada Usuari mitjan\u00e7ant una sol\u00b7licitud escrita i signada, acompanyada de fotoc\u00f2pia de DNI o Passaport, dirigida a la seg\u00fcent adre\u00e7a:<\/p>\n<ul class=\"spacer\">\n<li>A LA ATENCI\u00d3 DEL RESPONSABLE DE SEGURETAT<\/li>\n<li>C\/BERENGUER, IV, 51-53 2\u00aa planta, 43500 Tortosa (Tarragona)<\/li>\n<\/ul>\n<h2 class=\"strong\">PROTECCI\u00d3 DE DADES<\/h2>\n<p class=\"spacer\">De la mateixa manera, si un Usuari no desitja rebre informaci\u00f3 via correu electr\u00f2nic o mitjan\u00e7ant qualsevol altre mitj\u00e0, podr\u00e0 comunicar-ho a trav\u00e9s de qualsevol mitj\u00e0 perqu\u00e8 quedi const\u00e0ncia de la seva recepci\u00f3 a <strong>PALOMO CONSULTORS, S.L.<\/strong> en l\u2019adre\u00e7a indicada.<\/p>\n<h2 class=\"strong spacer\">INFORMACI\u00d3 SOBRE LES DADES QUE ES CONSERVEN, DURANT QUANT DE TEMPS I AMB QUINA FINALITAT<\/h2>\n<h3 class=\"strong\">DADES QUE ES CONSERVEN<\/h3>\n<p class=\"spacer\">Exclusivament dades de contacte (car\u00e0cter b\u00e0sic), com s\u00f3n el nom, cognoms i e-mail. Aquesta informaci\u00f3 \u00e9s rebuda per <strong>PALOMO CONSULTORS, SL<\/strong> i mai \u00e9s venuda, cedida o arrendada a altres empreses, exceptuant el cas l\u00f2gic per a la prestaci\u00f3 del servei.<\/p>\n<p class=\"spacer\">PALOMO CONSULTORS, S.L. \u00e9s responsable dels esmentats fitxers de dades de car\u00e0cter personal, creats per i per a <strong>PALOMO CONSULTORS, S.L.<\/strong> amb les finalitats de realitzar el manteniment i gesti\u00f3 de la relaci\u00f3 amb els Usuaris, informaci\u00f3 I distribuci\u00f3 dels productes de la organitzaci\u00f3, aix\u00ed com la realitzaci\u00f3 de diverses activitats.<\/p>\n<h3 class=\"strong\">AMB QUINA FINALITAT<\/h3>\n<p class=\"spacer\">De la mateixa manera, li informem que la informaci\u00f3 de les bases de dades podr\u00e0 ser utilitzada per a la identificaci\u00f3 dels Usuaris i per a la realitzaci\u00f3 d\u2019estudis estad\u00edstics dels Usuaris registrats. Durant el proc\u00e9s de recollida de dades, i sempre que es sol\u00b7liciten dades, els Usuaris seran informats del car\u00e0cter obligatori o voluntari de la recollida de dades i, en cas que no es dedueixi impl\u00edcitament del formulari electr\u00f2nic en q\u00fcesti\u00f3, de la necessitat d\u2019implementaci\u00f3 dels mateixos per a l\u2019 acc\u00e9s dels Usuaris a determinats continguts facilitats en els websites. En aquest cas, es sol\u00b7licitar\u00e0 als Usuaris el seu consentiment perqu\u00e8 <strong>PALOMO CONSULTORS, S.L.<\/strong> pugui fer \u00fas de les seves dades amb la finalitat de remetre-li informaci\u00f3 relativa a la entitat, a les activitats que desenvolupa o a altres temes relacionats..<\/p>\n<h2 class=\"strong\">COMPROM\u00cdS DE L\u2019USUARI PERQU\u00c8 LES SEVES DADES ESTIGUIN INSCRITES EN UN FITXER<\/h2>\n<p class=\"spacer\">Al introduir les dades en alguna o algunes de les fulles de captaci\u00f3 de dades implica l\u2019acceptar les presents condicions d\u2019\u00fas i pol\u00edtica de privacitat, donant per ent\u00e8s que ha estat informat de les condicions d\u2019\u00fas i av\u00eds legal de les mateixes i que es compromet al seu compliment \u00edntegre durant la navegaci\u00f3 i participaci\u00f3 en la web <a href=\"http:\/\/www.palomo.net\">www.palomo.net<\/a><\/p>\n<h2 class=\"strong\">EVITAR LA TRANSMISI\u00d3 DE DADES A TERCERES EMPRESES SENSE CONSENTIMENT EXPR\u00c9S DE L\u2019USUARI<\/h2>\n<p class=\"spacer\">De la mateixa manera, i a excepci\u00f3 que s\u2019hagi informat l\u2019Usuari de la possible exist\u00e8ncia de cessions de les seves dades a tercers, i s\u2019hagi recaptat el seu consentiment a les mateixes, en ningun cas, llevat els casos emparats per la legislaci\u00f3 vigent, cap tercer ali\u00e8 a <strong>PALOMO CONSULTORS, S.L.<\/strong> tindr\u00e0 acc\u00e9s, sense el consentiment expr\u00e9s dels Usuaris, a les seves dades personals i\/o de navegaci\u00f3. En la resta dels casos <strong>PALOMO CONSULTORS, S.L.<\/strong> col\u00b7laborar\u00e0 perqu\u00e8 els tercers compleixin amb la legislaci\u00f3 vigent, si b\u00e9 la responsabilitat ser\u00e0 exigible als citats tercers. <strong>PALOMO CONSULTORS, S.L.<\/strong> no ven, alquila o cedeix les dades personals dels usuaris d\u2019aquesta Web, a excepci\u00f3 del cas que sigui necessari per a la pr\u00f2pia prestaci\u00f3 del servei. <strong>PALOMO CONSULTORS, S.L.<\/strong> no ven, alquila o cedeix els e-mails dels seus usuaris a altres empreses, a excepci\u00f3 del cas que sigui necessari per a la pr\u00f2pia prestaci\u00f3 del servei.<\/p>\n<h2 class=\"strong\">BAIXA DE LA LLISTA DE DISTRIBUCI\u00d3 D\u2019INFORMACI\u00d3<\/h2>\n<p class=\"spacer\">Ocasionalment, <strong>PALOMO CONSULTORS, S.L.<\/strong> envia un e-mail confirmant la creaci\u00f3 del compte recent creat per un client, notificant millores, novetats o ofertes, que es produeixin en aquesta p\u00e0gina Web. En qualsevol moment poden donar-se de baixa enviant un e-mail a <a href=\"mailto:jordi@palomo.net\">jordi@palomo.net<\/a>, en l\u2019apartat habilitat en el Website <a title=\"Contacte\" href=\"http:\/\/palomo.net\/ca\/contacte\/\">contacte<\/a><\/p>\n<h2 class=\"strong spacer\">RESPONSABILITAT DELS USUARIS PER \u00daS I CONTINGUT<\/h2>\n<p class=\"spacer\">Tant l\u2019acc\u00e9s als websites com l\u2019\u00fas que pugui realitzar-se de la informaci\u00f3 i continguts inclosos en els mateixos, ser\u00e0 d\u2019exclusiva responsabilitat de qui ho realitzi. Per tant, l\u2019\u00fas que pugui fer-se de la informaci\u00f3, imatges, continguts i\/o productes ressenyats i accessibles a trav\u00e9s del mateix, estar\u00e0 supeditada a la legalitat, sigui nacional o internacional aplicable, aix\u00ed com als principis de bona fe i \u00fas l\u00edcit per part dels Usuaris, els quals seran planament responsables de l\u2019esmentat acc\u00e9s i correcte uso. Els Usuaris estaran obligats a fer un \u00fas raonable dels serveis o continguts, sota el principi de bona fe i respecte a la legalitat vigent, a la moral, a l\u2019ordre p\u00fablic, a las bones costums, als drets de tercers o de la pr\u00f2pia empresa, tot aix\u00f2 segons les possibilitats i finalitats per a all\u00f2 que estan concebuts. <strong>PALOMO CONSULTORS, S.L.<\/strong> no assumeix responsabilitats, ja siguin directes o indirectes, per dany emergent o lucre cessant, derivades del mal \u00fas dels serveis o continguts realitzat pels Usuaris o tercers.<\/p>\n<h2 class=\"strong\">INFORMACI\u00d3 LSSI-CE<\/h2>\n<p class=\"spacer\">En compliment del deure d\u2019informaci\u00f3 contemplat en l\u2019article 10 de la vigent Llei 34\/2002, d\u201911 de juliol, de Serveis de la Societat de la Informaci\u00f3 i de Comer\u00e7 Electr\u00f2nic, li comuniquem que el responsable de la web on pot descarregar diferents aplicacions i\/o informacions es <strong>PALOMO CONSULTORS, S.L.<\/strong> amb domicili al carrer Berenguer IV, 51-53, 2\u00aa planta, 43500 Tortosa \/Tarragona), i amb domini d\u2019Internet <a href=\"http:\/\/www.palomo.net\">www.palomo.net<\/a>, inscrit en el registre corresponent, atenent a comunicacions dels usuaris i\/o interessats en l\u2019espai habilitat a la Web <a title=\"Contacte\" href=\"http:\/\/palomo.net\/ca\/contacte\/\">contacte<\/a><\/p>\n","protected":false},"excerpt":{"rendered":"<p>OBJECTE DE LA POL\u00cdTICA DE PRIVACITAT PALOMO CONSULTORS, S.L. informa als Usuaris que compleix amb la vigent normativa de protecci\u00f3 de dades, i amb car\u00e0cter especial, amb la Llei Org\u00e0nica 15\/1999, de 13 de Desembre, de Protecci\u00f3 de Dades de Car\u00e0cter Personal, la Llei 34\/2002. D\u2019acord amb el disposat en la normativa vigent, PALOMO CONSULTORS, [&hellip;]<\/p>\n","protected":false},"author":4,"featured_media":0,"parent":0,"menu_order":0,"comment_status":"open","ping_status":"open","template":"","meta":{"_monsterinsights_skip_tracking":false,"_monsterinsights_sitenote_active":false,"_monsterinsights_sitenote_note":"","_monsterinsights_sitenote_category":0,"footnotes":""},"class_list":["post-3647","page","type-page","status-publish","hentry"],"yoast_head":"<!-- This site is optimized with the Yoast SEO plugin v27.4 - https:\/\/yoast.com\/product\/yoast-seo-wordpress\/ -->\n<title>Pol\u00edtica de privacitat - Palomo Consultors<\/title>\n<meta name=\"robots\" content=\"index, follow, max-snippet:-1, max-image-preview:large, max-video-preview:-1\" \/>\n<link rel=\"canonical\" href=\"https:\/\/palomo.net\/ca\/politica-de-privacitat\/\" \/>\n<meta property=\"og:locale\" content=\"ca_ES\" \/>\n<meta property=\"og:type\" content=\"article\" \/>\n<meta property=\"og:title\" content=\"Pol\u00edtica de privacitat - Palomo Consultors\" \/>\n<meta property=\"og:description\" content=\"OBJECTE DE LA POL\u00cdTICA DE PRIVACITAT PALOMO CONSULTORS, S.L. informa als Usuaris que compleix amb la vigent normativa de protecci\u00f3 de dades, i amb car\u00e0cter especial, amb la Llei Org\u00e0nica 15\/1999, de 13 de Desembre, de Protecci\u00f3 de Dades de Car\u00e0cter Personal, la Llei 34\/2002. D\u2019acord amb el disposat en la normativa vigent, PALOMO CONSULTORS, [&hellip;]\" \/>\n<meta property=\"og:url\" content=\"https:\/\/palomo.net\/ca\/politica-de-privacitat\/\" \/>\n<meta property=\"og:site_name\" content=\"Palomo Consultors\" \/>\n<meta property=\"article:modified_time\" content=\"2015-03-19T10:54:19+00:00\" \/>\n<meta name=\"twitter:card\" content=\"summary_large_image\" \/>\n<meta name=\"twitter:label1\" content=\"Temps estimat de lectura\" \/>\n\t<meta name=\"twitter:data1\" content=\"7 minuts\" \/>\n<script type=\"application\/ld+json\" class=\"yoast-schema-graph\">{\"@context\":\"https:\\\/\\\/schema.org\",\"@graph\":[{\"@type\":\"WebPage\",\"@id\":\"https:\\\/\\\/palomo.net\\\/ca\\\/politica-de-privacitat\\\/\",\"url\":\"https:\\\/\\\/palomo.net\\\/ca\\\/politica-de-privacitat\\\/\",\"name\":\"Pol\u00edtica de privacitat - Palomo Consultors\",\"isPartOf\":{\"@id\":\"https:\\\/\\\/palomo.net\\\/#website\"},\"datePublished\":\"2015-03-03T09:47:55+00:00\",\"dateModified\":\"2015-03-19T10:54:19+00:00\",\"breadcrumb\":{\"@id\":\"https:\\\/\\\/palomo.net\\\/ca\\\/politica-de-privacitat\\\/#breadcrumb\"},\"inLanguage\":\"ca\",\"potentialAction\":[{\"@type\":\"ReadAction\",\"target\":[\"https:\\\/\\\/palomo.net\\\/ca\\\/politica-de-privacitat\\\/\"]}]},{\"@type\":\"BreadcrumbList\",\"@id\":\"https:\\\/\\\/palomo.net\\\/ca\\\/politica-de-privacitat\\\/#breadcrumb\",\"itemListElement\":[{\"@type\":\"ListItem\",\"position\":1,\"name\":\"Portada\",\"item\":\"https:\\\/\\\/palomo.net\\\/ca\\\/\"},{\"@type\":\"ListItem\",\"position\":2,\"name\":\"Pol\u00edtica de privacitat\"}]},{\"@type\":\"WebSite\",\"@id\":\"https:\\\/\\\/palomo.net\\\/#website\",\"url\":\"https:\\\/\\\/palomo.net\\\/\",\"name\":\"Palomo Consultors\",\"description\":\"Assessors Laborales d&#039; Empresas\",\"potentialAction\":[{\"@type\":\"SearchAction\",\"target\":{\"@type\":\"EntryPoint\",\"urlTemplate\":\"https:\\\/\\\/palomo.net\\\/?s={search_term_string}\"},\"query-input\":{\"@type\":\"PropertyValueSpecification\",\"valueRequired\":true,\"valueName\":\"search_term_string\"}}],\"inLanguage\":\"ca\"}]}<\/script>\n<!-- \/ Yoast SEO plugin. -->","yoast_head_json":{"title":"Pol\u00edtica de privacitat - Palomo Consultors","robots":{"index":"index","follow":"follow","max-snippet":"max-snippet:-1","max-image-preview":"max-image-preview:large","max-video-preview":"max-video-preview:-1"},"canonical":"https:\/\/palomo.net\/ca\/politica-de-privacitat\/","og_locale":"ca_ES","og_type":"article","og_title":"Pol\u00edtica de privacitat - Palomo Consultors","og_description":"OBJECTE DE LA POL\u00cdTICA DE PRIVACITAT PALOMO CONSULTORS, S.L. informa als Usuaris que compleix amb la vigent normativa de protecci\u00f3 de dades, i amb car\u00e0cter especial, amb la Llei Org\u00e0nica 15\/1999, de 13 de Desembre, de Protecci\u00f3 de Dades de Car\u00e0cter Personal, la Llei 34\/2002. D\u2019acord amb el disposat en la normativa vigent, PALOMO CONSULTORS, [&hellip;]","og_url":"https:\/\/palomo.net\/ca\/politica-de-privacitat\/","og_site_name":"Palomo Consultors","article_modified_time":"2015-03-19T10:54:19+00:00","twitter_card":"summary_large_image","twitter_misc":{"Temps estimat de lectura":"7 minuts"},"schema":{"@context":"https:\/\/schema.org","@graph":[{"@type":"WebPage","@id":"https:\/\/palomo.net\/ca\/politica-de-privacitat\/","url":"https:\/\/palomo.net\/ca\/politica-de-privacitat\/","name":"Pol\u00edtica de privacitat - Palomo Consultors","isPartOf":{"@id":"https:\/\/palomo.net\/#website"},"datePublished":"2015-03-03T09:47:55+00:00","dateModified":"2015-03-19T10:54:19+00:00","breadcrumb":{"@id":"https:\/\/palomo.net\/ca\/politica-de-privacitat\/#breadcrumb"},"inLanguage":"ca","potentialAction":[{"@type":"ReadAction","target":["https:\/\/palomo.net\/ca\/politica-de-privacitat\/"]}]},{"@type":"BreadcrumbList","@id":"https:\/\/palomo.net\/ca\/politica-de-privacitat\/#breadcrumb","itemListElement":[{"@type":"ListItem","position":1,"name":"Portada","item":"https:\/\/palomo.net\/ca\/"},{"@type":"ListItem","position":2,"name":"Pol\u00edtica de privacitat"}]},{"@type":"WebSite","@id":"https:\/\/palomo.net\/#website","url":"https:\/\/palomo.net\/","name":"Palomo Consultors","description":"Assessors Laborales d&#039; Empresas","potentialAction":[{"@type":"SearchAction","target":{"@type":"EntryPoint","urlTemplate":"https:\/\/palomo.net\/?s={search_term_string}"},"query-input":{"@type":"PropertyValueSpecification","valueRequired":true,"valueName":"search_term_string"}}],"inLanguage":"ca"}]}},"_links":{"self":[{"href":"https:\/\/palomo.net\/ca\/wp-json\/wp\/v2\/pages\/3647\/"}],"collection":[{"href":"https:\/\/palomo.net\/ca\/wp-json\/wp\/v2\/pages\/"}],"about":[{"href":"https:\/\/palomo.net\/ca\/wp-json\/wp\/v2\/types\/page\/"}],"author":[{"embeddable":true,"href":"https:\/\/palomo.net\/ca\/wp-json\/wp\/v2\/users\/4\/"}],"replies":[{"embeddable":true,"href":"https:\/\/palomo.net\/ca\/wp-json\/wp\/v2\/comments\/?post=3647"}],"version-history":[{"count":2,"href":"https:\/\/palomo.net\/ca\/wp-json\/wp\/v2\/pages\/3647\/revisions\/"}],"predecessor-version":[{"id":3649,"href":"https:\/\/palomo.net\/ca\/wp-json\/wp\/v2\/pages\/3647\/revisions\/3649\/"}],"wp:attachment":[{"href":"https:\/\/palomo.net\/ca\/wp-json\/wp\/v2\/media\/?parent=3647"}],"curies":[{"name":"wp","href":"https:\/\/api.w.org\/{rel}","templated":true}]}}