{"id":3664,"date":"2015-03-09T12:42:13","date_gmt":"2015-03-09T11:42:13","guid":{"rendered":"http:\/\/palomo.net\/gestion-y-outsourcing-salarial-2\/"},"modified":"2017-02-01T11:34:48","modified_gmt":"2017-02-01T10:34:48","slug":"area-laboral","status":"publish","type":"page","link":"https:\/\/palomo.net\/ca\/serveis\/area-laboral\/","title":{"rendered":"\u00c0rea Laboral"},"content":{"rendered":"<\/div><\/div><\/div><!-- close content main div --><\/div><\/div><div id='av_section_1' class='avia-section main_color avia-section-default avia-no-shadow avia-bg-style-scroll   av-minimum-height av-minimum-height-custom container_wrap sidebar_right lazyload' style = 'background-repeat: no-repeat; background-image:inherit;background-attachment: scroll; background-position: top left; ' data-section-bg-repeat='no-repeat'  data-bg-image='url(https:\/\/palomo.net\/wp-content\/uploads\/gestion-y-outsourcing-salarial-tortosa.jpg)'><div class='container' style='height:150px'><div class='template-page content  av-content-small alpha units'><div class='post-entry post-entry-type-page post-entry-3664'><div class='entry-content-wrapper clearfix'><\/div><\/div><\/div><!-- close content main div --><\/div><\/div><div id='after_section_1' class='main_color av_default_container_wrap container_wrap sidebar_right'   ><div class='container' ><div class='template-page content  av-content-small alpha units'><div class='post-entry post-entry-type-page post-entry-3664'><div class='entry-content-wrapper clearfix'>\n<section class=\"av_textblock_section \"  itemscope=\"itemscope\" itemtype=\"https:\/\/schema.org\/CreativeWork\" ><div class='avia_textblock  '   itemprop=\"text\" ><h2>Gesti\u00f3 Salarial<\/h2>\n<ul>\n<li>Gesti\u00f3 integral laboral, mitjan\u00e7ant la confecci\u00f3 de les n\u00f2mines dels treballadors, assegurant una correcta aplicaci\u00f3 del conveni col\u00b7lectiu corresponent a l\u2019activitat de l\u2019empresa. Cotitzaci\u00f3 de quotes a la Seguretat Social, amb l\u2019aplicaci\u00f3 de les bonificacions i particularitats legals aplicables.\u00a0Enquadrament, altes i baixes de treballadors en el Sistema de la Seguretat Social. Tot aix\u00f2 mitjan\u00e7ant l\u2019\u00fas d\u2019eines telem\u00e0tiques i interactives amb els clients (Internet), per a una major agilitat i facilitat en el servei.<\/li>\n<li>Estudi personalitzat de totes les modalitats de contractaci\u00f3 laboral.<\/li>\n<li>\u00daS de les noves tecnologies en la comunicaci\u00f3 amb els clients, i amb la transmissi\u00f3 de dades i de documents.<\/li>\n<li>Sol\u00b7licitud d\u2019ajudes per a la contractaci\u00f3 laboral.<\/li>\n<li>Assessorament i gesti\u00f3 en mat\u00e8ria d\u2019estrangeria, per a l\u2019obtenci\u00f3 de permisos de resid\u00e8ncia i de treball.<\/li>\n<li>Noves tecnologies. Ajornaments de pagaments de quotes a la Seguretat Social.<\/li>\n<\/ul>\n<\/div><\/section>\n<section class=\"av_textblock_section \"  itemscope=\"itemscope\" itemtype=\"https:\/\/schema.org\/CreativeWork\" ><div class='avia_textblock  '   itemprop=\"text\" ><h2>Assessorament<\/h2>\n<ul>\n<li>Concertaci\u00f3 de visites peri\u00f2diques a la seu de l\u2019empresa, facilitant assessorament personalitzat a la Direcci\u00f3.<\/li>\n<li>Assessorament t\u00e8cnic laboral a departaments de relacions laborals d\u2019empreses.<\/li>\n<li>Representaci\u00f3 de l\u2019empresa enfront la Inspecci\u00f3 de Treball i Seguretat Social.<\/li>\n<li>Mediaci\u00f3 en conflictes individuals i col\u00b7lectius de treball.<\/li>\n<li>Assessorament i negociaci\u00f3 en convenis col\u00b7lectius i pactes d\u2019empresa.<\/li>\n<li>Adequaci\u00f3 de plantilles per raons econ\u00f2miques, organitzatives, t\u00e8cniques o de producci\u00f3.<\/li>\n<\/ul>\n<\/div><\/section>\n<section class=\"av_textblock_section \"  itemscope=\"itemscope\" itemtype=\"https:\/\/schema.org\/CreativeWork\" ><div class='avia_textblock  '   itemprop=\"text\" ><h2><strong>PREVENCI\u00d3 DE RISCOS LABORALS<\/strong><\/h2>\n<ul>\n<li>Assessorament en l\u2019avaluaci\u00f3 de riscos laborals.<\/li>\n<li>Plans d\u2019acci\u00f3 preventiva<\/li>\n<li>Assessorament a Comit\u00e8s de Seguretat i Salut.<\/li>\n<li>Orientaci\u00f3 en cursos formatius sobre prevenci\u00f3.<\/li>\n<\/ul>\n<\/div><\/section>\n","protected":false},"excerpt":{"rendered":"","protected":false},"author":4,"featured_media":0,"parent":7083,"menu_order":0,"comment_status":"open","ping_status":"open","template":"","meta":{"_monsterinsights_skip_tracking":false,"_monsterinsights_sitenote_active":false,"_monsterinsights_sitenote_note":"","_monsterinsights_sitenote_category":0,"footnotes":""},"class_list":["post-3664","page","type-page","status-publish","hentry"],"yoast_head":"<!-- This site is optimized with the Yoast SEO plugin v27.4 - https:\/\/yoast.com\/product\/yoast-seo-wordpress\/ -->\n<title>\u00c0rea Laboral - Palomo Consultors<\/title>\n<meta name=\"robots\" content=\"index, follow, max-snippet:-1, max-image-preview:large, max-video-preview:-1\" \/>\n<link rel=\"canonical\" href=\"https:\/\/palomo.net\/ca\/serveis\/area-laboral\/\" \/>\n<meta property=\"og:locale\" content=\"ca_ES\" \/>\n<meta property=\"og:type\" content=\"article\" \/>\n<meta property=\"og:title\" content=\"\u00c0rea Laboral - Palomo Consultors\" \/>\n<meta property=\"og:url\" content=\"https:\/\/palomo.net\/ca\/serveis\/area-laboral\/\" \/>\n<meta property=\"og:site_name\" content=\"Palomo Consultors\" \/>\n<meta property=\"article:modified_time\" content=\"2017-02-01T10:34:48+00:00\" \/>\n<meta name=\"twitter:card\" content=\"summary_large_image\" \/>\n<meta name=\"twitter:label1\" content=\"Temps estimat de lectura\" \/>\n\t<meta name=\"twitter:data1\" content=\"2 minuts\" \/>\n<script type=\"application\/ld+json\" class=\"yoast-schema-graph\">{\"@context\":\"https:\\\/\\\/schema.org\",\"@graph\":[{\"@type\":\"WebPage\",\"@id\":\"https:\\\/\\\/palomo.net\\\/ca\\\/serveis\\\/area-laboral\\\/\",\"url\":\"https:\\\/\\\/palomo.net\\\/ca\\\/serveis\\\/area-laboral\\\/\",\"name\":\"\u00c0rea Laboral - Palomo Consultors\",\"isPartOf\":{\"@id\":\"https:\\\/\\\/palomo.net\\\/#website\"},\"datePublished\":\"2015-03-09T11:42:13+00:00\",\"dateModified\":\"2017-02-01T10:34:48+00:00\",\"breadcrumb\":{\"@id\":\"https:\\\/\\\/palomo.net\\\/ca\\\/serveis\\\/area-laboral\\\/#breadcrumb\"},\"inLanguage\":\"ca\",\"potentialAction\":[{\"@type\":\"ReadAction\",\"target\":[\"https:\\\/\\\/palomo.net\\\/ca\\\/serveis\\\/area-laboral\\\/\"]}]},{\"@type\":\"BreadcrumbList\",\"@id\":\"https:\\\/\\\/palomo.net\\\/ca\\\/serveis\\\/area-laboral\\\/#breadcrumb\",\"itemListElement\":[{\"@type\":\"ListItem\",\"position\":1,\"name\":\"Portada\",\"item\":\"https:\\\/\\\/palomo.net\\\/ca\\\/\"},{\"@type\":\"ListItem\",\"position\":2,\"name\":\"Serveis\",\"item\":\"https:\\\/\\\/palomo.net\\\/ca\\\/serveis\\\/\"},{\"@type\":\"ListItem\",\"position\":3,\"name\":\"\u00c0rea Laboral\"}]},{\"@type\":\"WebSite\",\"@id\":\"https:\\\/\\\/palomo.net\\\/#website\",\"url\":\"https:\\\/\\\/palomo.net\\\/\",\"name\":\"Palomo Consultors\",\"description\":\"Assessors Laborales d&#039; Empresas\",\"potentialAction\":[{\"@type\":\"SearchAction\",\"target\":{\"@type\":\"EntryPoint\",\"urlTemplate\":\"https:\\\/\\\/palomo.net\\\/?s={search_term_string}\"},\"query-input\":{\"@type\":\"PropertyValueSpecification\",\"valueRequired\":true,\"valueName\":\"search_term_string\"}}],\"inLanguage\":\"ca\"}]}<\/script>\n<!-- \/ Yoast SEO plugin. -->","yoast_head_json":{"title":"\u00c0rea Laboral - Palomo Consultors","robots":{"index":"index","follow":"follow","max-snippet":"max-snippet:-1","max-image-preview":"max-image-preview:large","max-video-preview":"max-video-preview:-1"},"canonical":"https:\/\/palomo.net\/ca\/serveis\/area-laboral\/","og_locale":"ca_ES","og_type":"article","og_title":"\u00c0rea Laboral - Palomo Consultors","og_url":"https:\/\/palomo.net\/ca\/serveis\/area-laboral\/","og_site_name":"Palomo Consultors","article_modified_time":"2017-02-01T10:34:48+00:00","twitter_card":"summary_large_image","twitter_misc":{"Temps estimat de lectura":"2 minuts"},"schema":{"@context":"https:\/\/schema.org","@graph":[{"@type":"WebPage","@id":"https:\/\/palomo.net\/ca\/serveis\/area-laboral\/","url":"https:\/\/palomo.net\/ca\/serveis\/area-laboral\/","name":"\u00c0rea Laboral - Palomo Consultors","isPartOf":{"@id":"https:\/\/palomo.net\/#website"},"datePublished":"2015-03-09T11:42:13+00:00","dateModified":"2017-02-01T10:34:48+00:00","breadcrumb":{"@id":"https:\/\/palomo.net\/ca\/serveis\/area-laboral\/#breadcrumb"},"inLanguage":"ca","potentialAction":[{"@type":"ReadAction","target":["https:\/\/palomo.net\/ca\/serveis\/area-laboral\/"]}]},{"@type":"BreadcrumbList","@id":"https:\/\/palomo.net\/ca\/serveis\/area-laboral\/#breadcrumb","itemListElement":[{"@type":"ListItem","position":1,"name":"Portada","item":"https:\/\/palomo.net\/ca\/"},{"@type":"ListItem","position":2,"name":"Serveis","item":"https:\/\/palomo.net\/ca\/serveis\/"},{"@type":"ListItem","position":3,"name":"\u00c0rea Laboral"}]},{"@type":"WebSite","@id":"https:\/\/palomo.net\/#website","url":"https:\/\/palomo.net\/","name":"Palomo Consultors","description":"Assessors Laborales d&#039; Empresas","potentialAction":[{"@type":"SearchAction","target":{"@type":"EntryPoint","urlTemplate":"https:\/\/palomo.net\/?s={search_term_string}"},"query-input":{"@type":"PropertyValueSpecification","valueRequired":true,"valueName":"search_term_string"}}],"inLanguage":"ca"}]}},"_links":{"self":[{"href":"https:\/\/palomo.net\/ca\/wp-json\/wp\/v2\/pages\/3664\/"}],"collection":[{"href":"https:\/\/palomo.net\/ca\/wp-json\/wp\/v2\/pages\/"}],"about":[{"href":"https:\/\/palomo.net\/ca\/wp-json\/wp\/v2\/types\/page\/"}],"author":[{"embeddable":true,"href":"https:\/\/palomo.net\/ca\/wp-json\/wp\/v2\/users\/4\/"}],"replies":[{"embeddable":true,"href":"https:\/\/palomo.net\/ca\/wp-json\/wp\/v2\/comments\/?post=3664"}],"version-history":[{"count":8,"href":"https:\/\/palomo.net\/ca\/wp-json\/wp\/v2\/pages\/3664\/revisions\/"}],"predecessor-version":[{"id":7322,"href":"https:\/\/palomo.net\/ca\/wp-json\/wp\/v2\/pages\/3664\/revisions\/7322\/"}],"up":[{"embeddable":true,"href":"https:\/\/palomo.net\/ca\/wp-json\/wp\/v2\/pages\/7083\/"}],"wp:attachment":[{"href":"https:\/\/palomo.net\/ca\/wp-json\/wp\/v2\/media\/?parent=3664"}],"curies":[{"name":"wp","href":"https:\/\/api.w.org\/{rel}","templated":true}]}}