{"id":4572,"date":"2015-08-05T14:16:00","date_gmt":"2015-08-05T12:16:00","guid":{"rendered":"http:\/\/palomo.net\/?page_id=4572"},"modified":"2015-08-05T14:16:00","modified_gmt":"2015-08-05T12:16:00","slug":"rigor-fiscal-con-licencias-de-gasto-para-mover-la-economia","status":"publish","type":"page","link":"https:\/\/palomo.net\/ca\/rigor-fiscal-con-licencias-de-gasto-para-mover-la-economia\/","title":{"rendered":"RIGOR FISCAL, CON LICENCIAS DE GASTO, PARA MOVER LA ECONOM\u00cdA"},"content":{"rendered":"<p>Las<strong> cuentas p\u00fablicas<\/strong> entregadas ayer por el Gobierno en las Cortes son, otra vez, una pr\u00f3rroga confortable de las vigentes, con algunas peque\u00f1as alegr\u00edas en el gasto por la presencia de las elecciones generales en lontananza. Por convicci\u00f3n m\u00e1s que por obligaci\u00f3n, el Gobierno no gira ni un \u00e1pice el rumbo de la <strong>pol\u00edtica econ\u00f3mica<\/strong> que inici\u00f3 en 2012, y f\u00eda el presente y el <strong>futuro del crecimiento de la econom\u00eda<\/strong> y del empleo al rigor fiscal, \u00fanico instrumento que, a su juicio, garantiza la financiaci\u00f3n en una econom\u00eda altamente endeudada y que depende del delgado hilo que manejan los mercados financieros. Las cuentas del Estado est\u00e1n dise\u00f1adas para que el sector p\u00fablico interfiera lo menos posible en el desempe\u00f1o del privado, que es \u201cel que tiene que movilizar la econom\u00eda\u201d, seg\u00fan el titular de Hacienda.<\/p>\n","protected":false},"excerpt":{"rendered":"<p>Las cuentas p\u00fablicas entregadas ayer por el Gobierno en las Cortes son, otra vez, una pr\u00f3rroga confortable de las vigentes, con algunas peque\u00f1as alegr\u00edas en el gasto por la presencia de las elecciones generales en lontananza. Por convicci\u00f3n m\u00e1s que por obligaci\u00f3n, el Gobierno no gira ni un \u00e1pice el rumbo de la pol\u00edtica econ\u00f3mica [&hellip;]<\/p>\n","protected":false},"author":4,"featured_media":4561,"parent":0,"menu_order":0,"comment_status":"open","ping_status":"open","template":"","meta":{"_monsterinsights_skip_tracking":false,"_monsterinsights_sitenote_active":false,"_monsterinsights_sitenote_note":"","_monsterinsights_sitenote_category":0,"footnotes":""},"class_list":["post-4572","page","type-page","status-publish","has-post-thumbnail","hentry"],"yoast_head":"<!-- This site is optimized with the Yoast SEO plugin v27.4 - https:\/\/yoast.com\/product\/yoast-seo-wordpress\/ -->\n<title>RIGOR FISCAL, CON LICENCIAS DE GASTO, PARA MOVER LA ECONOM\u00cdA - Palomo Consultors<\/title>\n<meta name=\"robots\" content=\"index, follow, max-snippet:-1, max-image-preview:large, max-video-preview:-1\" \/>\n<link rel=\"canonical\" href=\"https:\/\/palomo.net\/ca\/rigor-fiscal-con-licencias-de-gasto-para-mover-la-economia\/\" \/>\n<meta property=\"og:locale\" content=\"ca_ES\" \/>\n<meta property=\"og:type\" content=\"article\" \/>\n<meta property=\"og:title\" content=\"RIGOR FISCAL, CON LICENCIAS DE GASTO, PARA MOVER LA ECONOM\u00cdA - Palomo Consultors\" \/>\n<meta property=\"og:description\" content=\"Las cuentas p\u00fablicas entregadas ayer por el Gobierno en las Cortes son, otra vez, una pr\u00f3rroga confortable de las vigentes, con algunas peque\u00f1as alegr\u00edas en el gasto por la presencia de las elecciones generales en lontananza. Por convicci\u00f3n m\u00e1s que por obligaci\u00f3n, el Gobierno no gira ni un \u00e1pice el rumbo de la pol\u00edtica econ\u00f3mica [&hellip;]\" \/>\n<meta property=\"og:url\" content=\"https:\/\/palomo.net\/ca\/rigor-fiscal-con-licencias-de-gasto-para-mover-la-economia\/\" \/>\n<meta property=\"og:site_name\" content=\"Palomo Consultors\" \/>\n<meta property=\"og:image\" content=\"https:\/\/palomo.net\/wp-content\/uploads\/CUENTAS-P\u00daBLICAS.jpg\" \/>\n\t<meta property=\"og:image:width\" content=\"259\" \/>\n\t<meta property=\"og:image:height\" content=\"194\" \/>\n\t<meta property=\"og:image:type\" content=\"image\/jpeg\" \/>\n<meta name=\"twitter:card\" content=\"summary_large_image\" \/>\n<meta name=\"twitter:label1\" content=\"Temps estimat de lectura\" \/>\n\t<meta name=\"twitter:data1\" content=\"1 minut\" \/>\n<script type=\"application\/ld+json\" class=\"yoast-schema-graph\">{\"@context\":\"https:\\\/\\\/schema.org\",\"@graph\":[{\"@type\":\"WebPage\",\"@id\":\"https:\\\/\\\/palomo.net\\\/ca\\\/rigor-fiscal-con-licencias-de-gasto-para-mover-la-economia\\\/\",\"url\":\"https:\\\/\\\/palomo.net\\\/ca\\\/rigor-fiscal-con-licencias-de-gasto-para-mover-la-economia\\\/\",\"name\":\"RIGOR FISCAL, CON LICENCIAS DE GASTO, PARA MOVER LA ECONOM\u00cdA - Palomo Consultors\",\"isPartOf\":{\"@id\":\"https:\\\/\\\/palomo.net\\\/#website\"},\"primaryImageOfPage\":{\"@id\":\"https:\\\/\\\/palomo.net\\\/ca\\\/rigor-fiscal-con-licencias-de-gasto-para-mover-la-economia\\\/#primaryimage\"},\"image\":{\"@id\":\"https:\\\/\\\/palomo.net\\\/ca\\\/rigor-fiscal-con-licencias-de-gasto-para-mover-la-economia\\\/#primaryimage\"},\"thumbnailUrl\":\"https:\\\/\\\/palomo.net\\\/wp-content\\\/uploads\\\/CUENTAS-P\u00daBLICAS.jpg\",\"datePublished\":\"2015-08-05T12:16:00+00:00\",\"breadcrumb\":{\"@id\":\"https:\\\/\\\/palomo.net\\\/ca\\\/rigor-fiscal-con-licencias-de-gasto-para-mover-la-economia\\\/#breadcrumb\"},\"inLanguage\":\"ca\",\"potentialAction\":[{\"@type\":\"ReadAction\",\"target\":[\"https:\\\/\\\/palomo.net\\\/ca\\\/rigor-fiscal-con-licencias-de-gasto-para-mover-la-economia\\\/\"]}]},{\"@type\":\"ImageObject\",\"inLanguage\":\"ca\",\"@id\":\"https:\\\/\\\/palomo.net\\\/ca\\\/rigor-fiscal-con-licencias-de-gasto-para-mover-la-economia\\\/#primaryimage\",\"url\":\"https:\\\/\\\/palomo.net\\\/wp-content\\\/uploads\\\/CUENTAS-P\u00daBLICAS.jpg\",\"contentUrl\":\"https:\\\/\\\/palomo.net\\\/wp-content\\\/uploads\\\/CUENTAS-P\u00daBLICAS.jpg\",\"width\":259,\"height\":194},{\"@type\":\"BreadcrumbList\",\"@id\":\"https:\\\/\\\/palomo.net\\\/ca\\\/rigor-fiscal-con-licencias-de-gasto-para-mover-la-economia\\\/#breadcrumb\",\"itemListElement\":[{\"@type\":\"ListItem\",\"position\":1,\"name\":\"Portada\",\"item\":\"https:\\\/\\\/palomo.net\\\/ca\\\/\"},{\"@type\":\"ListItem\",\"position\":2,\"name\":\"RIGOR FISCAL, CON LICENCIAS DE GASTO, PARA MOVER LA ECONOM\u00cdA\"}]},{\"@type\":\"WebSite\",\"@id\":\"https:\\\/\\\/palomo.net\\\/#website\",\"url\":\"https:\\\/\\\/palomo.net\\\/\",\"name\":\"Palomo Consultors\",\"description\":\"Assessors Laborales d&#039; Empresas\",\"potentialAction\":[{\"@type\":\"SearchAction\",\"target\":{\"@type\":\"EntryPoint\",\"urlTemplate\":\"https:\\\/\\\/palomo.net\\\/?s={search_term_string}\"},\"query-input\":{\"@type\":\"PropertyValueSpecification\",\"valueRequired\":true,\"valueName\":\"search_term_string\"}}],\"inLanguage\":\"ca\"}]}<\/script>\n<!-- \/ Yoast SEO plugin. -->","yoast_head_json":{"title":"RIGOR FISCAL, CON LICENCIAS DE GASTO, PARA MOVER LA ECONOM\u00cdA - Palomo Consultors","robots":{"index":"index","follow":"follow","max-snippet":"max-snippet:-1","max-image-preview":"max-image-preview:large","max-video-preview":"max-video-preview:-1"},"canonical":"https:\/\/palomo.net\/ca\/rigor-fiscal-con-licencias-de-gasto-para-mover-la-economia\/","og_locale":"ca_ES","og_type":"article","og_title":"RIGOR FISCAL, CON LICENCIAS DE GASTO, PARA MOVER LA ECONOM\u00cdA - Palomo Consultors","og_description":"Las cuentas p\u00fablicas entregadas ayer por el Gobierno en las Cortes son, otra vez, una pr\u00f3rroga confortable de las vigentes, con algunas peque\u00f1as alegr\u00edas en el gasto por la presencia de las elecciones generales en lontananza. Por convicci\u00f3n m\u00e1s que por obligaci\u00f3n, el Gobierno no gira ni un \u00e1pice el rumbo de la pol\u00edtica econ\u00f3mica [&hellip;]","og_url":"https:\/\/palomo.net\/ca\/rigor-fiscal-con-licencias-de-gasto-para-mover-la-economia\/","og_site_name":"Palomo Consultors","og_image":[{"width":259,"height":194,"url":"https:\/\/palomo.net\/wp-content\/uploads\/CUENTAS-P\u00daBLICAS.jpg","type":"image\/jpeg"}],"twitter_card":"summary_large_image","twitter_misc":{"Temps estimat de lectura":"1 minut"},"schema":{"@context":"https:\/\/schema.org","@graph":[{"@type":"WebPage","@id":"https:\/\/palomo.net\/ca\/rigor-fiscal-con-licencias-de-gasto-para-mover-la-economia\/","url":"https:\/\/palomo.net\/ca\/rigor-fiscal-con-licencias-de-gasto-para-mover-la-economia\/","name":"RIGOR FISCAL, CON LICENCIAS DE GASTO, PARA MOVER LA ECONOM\u00cdA - Palomo Consultors","isPartOf":{"@id":"https:\/\/palomo.net\/#website"},"primaryImageOfPage":{"@id":"https:\/\/palomo.net\/ca\/rigor-fiscal-con-licencias-de-gasto-para-mover-la-economia\/#primaryimage"},"image":{"@id":"https:\/\/palomo.net\/ca\/rigor-fiscal-con-licencias-de-gasto-para-mover-la-economia\/#primaryimage"},"thumbnailUrl":"https:\/\/palomo.net\/wp-content\/uploads\/CUENTAS-P\u00daBLICAS.jpg","datePublished":"2015-08-05T12:16:00+00:00","breadcrumb":{"@id":"https:\/\/palomo.net\/ca\/rigor-fiscal-con-licencias-de-gasto-para-mover-la-economia\/#breadcrumb"},"inLanguage":"ca","potentialAction":[{"@type":"ReadAction","target":["https:\/\/palomo.net\/ca\/rigor-fiscal-con-licencias-de-gasto-para-mover-la-economia\/"]}]},{"@type":"ImageObject","inLanguage":"ca","@id":"https:\/\/palomo.net\/ca\/rigor-fiscal-con-licencias-de-gasto-para-mover-la-economia\/#primaryimage","url":"https:\/\/palomo.net\/wp-content\/uploads\/CUENTAS-P\u00daBLICAS.jpg","contentUrl":"https:\/\/palomo.net\/wp-content\/uploads\/CUENTAS-P\u00daBLICAS.jpg","width":259,"height":194},{"@type":"BreadcrumbList","@id":"https:\/\/palomo.net\/ca\/rigor-fiscal-con-licencias-de-gasto-para-mover-la-economia\/#breadcrumb","itemListElement":[{"@type":"ListItem","position":1,"name":"Portada","item":"https:\/\/palomo.net\/ca\/"},{"@type":"ListItem","position":2,"name":"RIGOR FISCAL, CON LICENCIAS DE GASTO, PARA MOVER LA ECONOM\u00cdA"}]},{"@type":"WebSite","@id":"https:\/\/palomo.net\/#website","url":"https:\/\/palomo.net\/","name":"Palomo Consultors","description":"Assessors Laborales d&#039; Empresas","potentialAction":[{"@type":"SearchAction","target":{"@type":"EntryPoint","urlTemplate":"https:\/\/palomo.net\/?s={search_term_string}"},"query-input":{"@type":"PropertyValueSpecification","valueRequired":true,"valueName":"search_term_string"}}],"inLanguage":"ca"}]}},"_links":{"self":[{"href":"https:\/\/palomo.net\/ca\/wp-json\/wp\/v2\/pages\/4572\/"}],"collection":[{"href":"https:\/\/palomo.net\/ca\/wp-json\/wp\/v2\/pages\/"}],"about":[{"href":"https:\/\/palomo.net\/ca\/wp-json\/wp\/v2\/types\/page\/"}],"author":[{"embeddable":true,"href":"https:\/\/palomo.net\/ca\/wp-json\/wp\/v2\/users\/4\/"}],"replies":[{"embeddable":true,"href":"https:\/\/palomo.net\/ca\/wp-json\/wp\/v2\/comments\/?post=4572"}],"version-history":[{"count":1,"href":"https:\/\/palomo.net\/ca\/wp-json\/wp\/v2\/pages\/4572\/revisions\/"}],"predecessor-version":[{"id":4573,"href":"https:\/\/palomo.net\/ca\/wp-json\/wp\/v2\/pages\/4572\/revisions\/4573\/"}],"wp:featuredmedia":[{"embeddable":true,"href":"https:\/\/palomo.net\/ca\/wp-json\/wp\/v2\/media\/4561\/"}],"wp:attachment":[{"href":"https:\/\/palomo.net\/ca\/wp-json\/wp\/v2\/media\/?parent=4572"}],"curies":[{"name":"wp","href":"https:\/\/api.w.org\/{rel}","templated":true}]}}