{"id":6999,"date":"2016-09-21T16:58:13","date_gmt":"2016-09-21T14:58:13","guid":{"rendered":"http:\/\/palomo.net\/ca\/nuestros-valores\/"},"modified":"2016-09-21T17:34:24","modified_gmt":"2016-09-21T15:34:24","slug":"els-nostres-valors","status":"publish","type":"page","link":"https:\/\/palomo.net\/ca\/els-nostres-valors\/","title":{"rendered":"Els nostres valors"},"content":{"rendered":"<\/div><\/div><\/div><!-- close content main div --><\/div><\/div><div id='av_section_1' class='avia-section main_color avia-section-default avia-no-shadow avia-bg-style-scroll   av-minimum-height av-minimum-height-custom container_wrap sidebar_right lazyload' style = 'background-repeat: no-repeat; background-image:inherit;background-attachment: scroll; background-position: top left; ' data-section-bg-repeat='no-repeat'  data-bg-image='url(https:\/\/palomo.net\/wp-content\/uploads\/palomo-asesores-3.jpg)'><div class='container' style='height:150px'><div class='template-page content  av-content-small alpha units'><div class='post-entry post-entry-type-page post-entry-6999'><div class='entry-content-wrapper clearfix'><\/div><\/div><\/div><!-- close content main div --><\/div><\/div><div id='after_section_1' class='main_color av_default_container_wrap container_wrap sidebar_right'   ><div class='container' ><div class='template-page content  av-content-small alpha units'><div class='post-entry post-entry-type-page post-entry-6999'><div class='entry-content-wrapper clearfix'>\n<div class=\"flex_column av_one_full  flex_column_div av-zero-column-padding first  \" style='border-radius:0px; '><p><div style='padding-bottom:10px; ' class='av-special-heading av-special-heading-h2    '><h2 class='av-special-heading-tag '  itemprop=\"headline\"  >Els Nostres Valors<\/h2><div class='special-heading-border'><div class='special-heading-inner-border' ><\/div><\/div><\/div><br \/>\n<section class=\"av_textblock_section \"  itemscope=\"itemscope\" itemtype=\"https:\/\/schema.org\/CreativeWork\" ><div class='avia_textblock  '   itemprop=\"text\" ><p><strong>Professionalitat, rigor i \u00e8tica:<\/strong>\u00a0Personal qualificat permanentment reciclant-se . Som una\u00a0empresa compromesa amb l&#8217;\u00e8xit dels nostres clients, el benestar dels treballadors i col\u2022laboradors i amb el treball fet amb rigor.<\/p>\n<p><strong>B\u00fasqueda de l&#8217;excel\u00b7l\u00e8ncia: <\/strong>Volem maximitzar la satisfacci\u00f3 dels nostres clients oferint-los una prestaci\u00f3 de serveis basada amb uns est\u00e0ndards de qualitat \u00f2ptims.<\/p>\n<p><strong>Innovaci\u00f3: <\/strong>Estem a l\u2019avantguarda en mitjans tecnol\u00f2gics i en permanent evoluci\u00f3 i adaptaci\u00f3 a unes condicions de mercat cada vegada m\u00e9s vol\u00e0tils.<\/p>\n<p><strong>Proximitat: <\/strong>Apostem per un tracte personalitzat, adaptant-nos a les necessitats dels nostres clients. Oferim un servei a mida en cada moment.<\/p>\n<\/div><\/section><\/p><\/div>\n","protected":false},"excerpt":{"rendered":"","protected":false},"author":4,"featured_media":0,"parent":0,"menu_order":0,"comment_status":"closed","ping_status":"closed","template":"","meta":{"_monsterinsights_skip_tracking":false,"_monsterinsights_sitenote_active":false,"_monsterinsights_sitenote_note":"","_monsterinsights_sitenote_category":0,"footnotes":""},"class_list":["post-6999","page","type-page","status-publish","hentry"],"yoast_head":"<!-- This site is optimized with the Yoast SEO plugin v27.4 - https:\/\/yoast.com\/product\/yoast-seo-wordpress\/ -->\n<title>Els nostres valors - Palomo Consultors<\/title>\n<meta name=\"robots\" content=\"index, follow, max-snippet:-1, max-image-preview:large, max-video-preview:-1\" \/>\n<link rel=\"canonical\" href=\"https:\/\/palomo.net\/ca\/els-nostres-valors\/\" \/>\n<meta property=\"og:locale\" content=\"ca_ES\" \/>\n<meta property=\"og:type\" content=\"article\" \/>\n<meta property=\"og:title\" content=\"Els nostres valors - Palomo Consultors\" \/>\n<meta property=\"og:url\" content=\"https:\/\/palomo.net\/ca\/els-nostres-valors\/\" \/>\n<meta property=\"og:site_name\" content=\"Palomo Consultors\" \/>\n<meta property=\"article:modified_time\" content=\"2016-09-21T15:34:24+00:00\" \/>\n<meta name=\"twitter:card\" content=\"summary_large_image\" \/>\n<meta name=\"twitter:label1\" content=\"Temps estimat de lectura\" \/>\n\t<meta name=\"twitter:data1\" content=\"1 minut\" \/>\n<script type=\"application\/ld+json\" class=\"yoast-schema-graph\">{\"@context\":\"https:\\\/\\\/schema.org\",\"@graph\":[{\"@type\":\"WebPage\",\"@id\":\"https:\\\/\\\/palomo.net\\\/ca\\\/els-nostres-valors\\\/\",\"url\":\"https:\\\/\\\/palomo.net\\\/ca\\\/els-nostres-valors\\\/\",\"name\":\"Els nostres valors - Palomo Consultors\",\"isPartOf\":{\"@id\":\"https:\\\/\\\/palomo.net\\\/#website\"},\"datePublished\":\"2016-09-21T14:58:13+00:00\",\"dateModified\":\"2016-09-21T15:34:24+00:00\",\"breadcrumb\":{\"@id\":\"https:\\\/\\\/palomo.net\\\/ca\\\/els-nostres-valors\\\/#breadcrumb\"},\"inLanguage\":\"ca\",\"potentialAction\":[{\"@type\":\"ReadAction\",\"target\":[\"https:\\\/\\\/palomo.net\\\/ca\\\/els-nostres-valors\\\/\"]}]},{\"@type\":\"BreadcrumbList\",\"@id\":\"https:\\\/\\\/palomo.net\\\/ca\\\/els-nostres-valors\\\/#breadcrumb\",\"itemListElement\":[{\"@type\":\"ListItem\",\"position\":1,\"name\":\"Portada\",\"item\":\"https:\\\/\\\/palomo.net\\\/ca\\\/\"},{\"@type\":\"ListItem\",\"position\":2,\"name\":\"Els nostres valors\"}]},{\"@type\":\"WebSite\",\"@id\":\"https:\\\/\\\/palomo.net\\\/#website\",\"url\":\"https:\\\/\\\/palomo.net\\\/\",\"name\":\"Palomo Consultors\",\"description\":\"Assessors Laborales d&#039; Empresas\",\"potentialAction\":[{\"@type\":\"SearchAction\",\"target\":{\"@type\":\"EntryPoint\",\"urlTemplate\":\"https:\\\/\\\/palomo.net\\\/?s={search_term_string}\"},\"query-input\":{\"@type\":\"PropertyValueSpecification\",\"valueRequired\":true,\"valueName\":\"search_term_string\"}}],\"inLanguage\":\"ca\"}]}<\/script>\n<!-- \/ Yoast SEO plugin. -->","yoast_head_json":{"title":"Els nostres valors - Palomo Consultors","robots":{"index":"index","follow":"follow","max-snippet":"max-snippet:-1","max-image-preview":"max-image-preview:large","max-video-preview":"max-video-preview:-1"},"canonical":"https:\/\/palomo.net\/ca\/els-nostres-valors\/","og_locale":"ca_ES","og_type":"article","og_title":"Els nostres valors - Palomo Consultors","og_url":"https:\/\/palomo.net\/ca\/els-nostres-valors\/","og_site_name":"Palomo Consultors","article_modified_time":"2016-09-21T15:34:24+00:00","twitter_card":"summary_large_image","twitter_misc":{"Temps estimat de lectura":"1 minut"},"schema":{"@context":"https:\/\/schema.org","@graph":[{"@type":"WebPage","@id":"https:\/\/palomo.net\/ca\/els-nostres-valors\/","url":"https:\/\/palomo.net\/ca\/els-nostres-valors\/","name":"Els nostres valors - Palomo Consultors","isPartOf":{"@id":"https:\/\/palomo.net\/#website"},"datePublished":"2016-09-21T14:58:13+00:00","dateModified":"2016-09-21T15:34:24+00:00","breadcrumb":{"@id":"https:\/\/palomo.net\/ca\/els-nostres-valors\/#breadcrumb"},"inLanguage":"ca","potentialAction":[{"@type":"ReadAction","target":["https:\/\/palomo.net\/ca\/els-nostres-valors\/"]}]},{"@type":"BreadcrumbList","@id":"https:\/\/palomo.net\/ca\/els-nostres-valors\/#breadcrumb","itemListElement":[{"@type":"ListItem","position":1,"name":"Portada","item":"https:\/\/palomo.net\/ca\/"},{"@type":"ListItem","position":2,"name":"Els nostres valors"}]},{"@type":"WebSite","@id":"https:\/\/palomo.net\/#website","url":"https:\/\/palomo.net\/","name":"Palomo Consultors","description":"Assessors Laborales d&#039; Empresas","potentialAction":[{"@type":"SearchAction","target":{"@type":"EntryPoint","urlTemplate":"https:\/\/palomo.net\/?s={search_term_string}"},"query-input":{"@type":"PropertyValueSpecification","valueRequired":true,"valueName":"search_term_string"}}],"inLanguage":"ca"}]}},"_links":{"self":[{"href":"https:\/\/palomo.net\/ca\/wp-json\/wp\/v2\/pages\/6999\/"}],"collection":[{"href":"https:\/\/palomo.net\/ca\/wp-json\/wp\/v2\/pages\/"}],"about":[{"href":"https:\/\/palomo.net\/ca\/wp-json\/wp\/v2\/types\/page\/"}],"author":[{"embeddable":true,"href":"https:\/\/palomo.net\/ca\/wp-json\/wp\/v2\/users\/4\/"}],"replies":[{"embeddable":true,"href":"https:\/\/palomo.net\/ca\/wp-json\/wp\/v2\/comments\/?post=6999"}],"version-history":[{"count":3,"href":"https:\/\/palomo.net\/ca\/wp-json\/wp\/v2\/pages\/6999\/revisions\/"}],"predecessor-version":[{"id":7002,"href":"https:\/\/palomo.net\/ca\/wp-json\/wp\/v2\/pages\/6999\/revisions\/7002\/"}],"wp:attachment":[{"href":"https:\/\/palomo.net\/ca\/wp-json\/wp\/v2\/media\/?parent=6999"}],"curies":[{"name":"wp","href":"https:\/\/api.w.org\/{rel}","templated":true}]}}