{"id":7340,"date":"2017-01-10T17:44:10","date_gmt":"2017-01-10T16:44:10","guid":{"rendered":"http:\/\/palomo.net\/serveis\/consultoria-estrategica-empresarial\/"},"modified":"2017-02-01T12:18:04","modified_gmt":"2017-02-01T11:18:04","slug":"consultoria-estrategica-empresarial","status":"publish","type":"page","link":"https:\/\/palomo.net\/ca\/serveis\/consultoria-estrategica-empresarial\/","title":{"rendered":"Consultor\u00eda estrat\u00e9gica empresarial"},"content":{"rendered":"<\/div><\/div><\/div><!-- close content main div --><\/div><\/div><div id='av_section_1' class='avia-section main_color avia-section-default avia-no-shadow avia-bg-style-scroll   av-minimum-height av-minimum-height-custom container_wrap sidebar_right lazyload' style = 'background-repeat: no-repeat; background-image:inherit;background-attachment: scroll; background-position: top left; ' data-section-bg-repeat='no-repeat'  data-bg-image='url(https:\/\/palomo.net\/wp-content\/uploads\/rrhh-formacion-laboral-tortosa.jpg)'><div class='container' style='height:150px'><div class='template-page content  av-content-small alpha units'><div class='post-entry post-entry-type-page post-entry-7340'><div class='entry-content-wrapper clearfix'><\/div><\/div><\/div><!-- close content main div --><\/div><\/div><div id='after_section_1' class='main_color av_default_container_wrap container_wrap sidebar_right'   ><div class='container' ><div class='template-page content  av-content-small alpha units'><div class='post-entry post-entry-type-page post-entry-7340'><div class='entry-content-wrapper clearfix'>\n<section class=\"av_textblock_section \"  itemscope=\"itemscope\" itemtype=\"https:\/\/schema.org\/CreativeWork\" ><div class='avia_textblock  '   itemprop=\"text\" ><blockquote>\n<h2>\u201cNOUS REPTES PER A UN NOU ENTORN\u201d<\/h2>\n<\/blockquote>\n<p>Presentem el nostre servei de consultoria per a l&#8217;an\u00e0lisi, implantaci\u00f3 i control de plans estrat\u00e8gics, amb l&#8217;objectiu de satisfer les necessitats dels nostres clients i aportar m\u00e9s valor afegit.<\/p>\n<p>Acompanyem als nostres clients en la definici\u00f3 i consecuci\u00f3 dels seus objectius, a trav\u00e9s de la implantaci\u00f3 de plans d&#8217;acci\u00f3 que permetin fer front als nous reptes de l&#8217;entorn, garantint la m\u00e0xima involucraci\u00f3 dels nostres equips de consultoria i el major grau de comprom\u00eds amb els seus resultats.<\/p>\n<\/div><\/section>\n<div class=\"togglecontainer   toggle_close_all \" >\n<section class=\"av_toggle_section\"  itemscope=\"itemscope\" itemtype=\"https:\/\/schema.org\/CreativeWork\"  >    <div class=\"single_toggle\" data-tags=\"{All} \"  >        <p data-fake-id=\"#toggle-id-1\" class=\"toggler \"  itemprop=\"headline\"  >Consultor\u00eda Empresarial<span class=\"toggle_icon\" >        <span class=\"vert_icon\"><\/span><span class=\"hor_icon\"><\/span><\/span><\/p>        <div id=\"toggle-id-1-container\" class=\"toggle_wrap \"  >            <div class=\"toggle_content invers-color \"  itemprop=\"text\"   ><ul>\n<li>Definici\u00f3 d&#8217;objetius<\/li>\n<li>An\u00e0lisi de la informaci\u00f3 i situaci\u00f3 actual<\/li>\n<li>Presentaci\u00f3 de propostes estrat\u00e8giques i organitzatives<\/li>\n<li>Seguiment a la implantaci\u00f3 dels plans d&#8217;acci\u00f3 decidits<\/li>\n<\/ul>\n            <\/div>        <\/div>    <\/div><\/section>\n<section class=\"av_toggle_section\"  itemscope=\"itemscope\" itemtype=\"https:\/\/schema.org\/CreativeWork\"  >    <div class=\"single_toggle\" data-tags=\"{All} \"  >        <p data-fake-id=\"#toggle-id-2\" class=\"toggler \"  itemprop=\"headline\"  >Consultoria estrat\u00e8gica i de negoci<span class=\"toggle_icon\" >        <span class=\"vert_icon\"><\/span><span class=\"hor_icon\"><\/span><\/span><\/p>        <div id=\"toggle-id-2-container\" class=\"toggle_wrap \"  >            <div class=\"toggle_content invers-color \"  itemprop=\"text\"   ><p><strong>El meu negoci \u00e9s viable<\/strong> ?, Com puc <strong>reorientar el meu negoci<\/strong> cap a una <strong>major rendibilitat<\/strong> ?, Quines <strong>decisions estrat\u00e8giques<\/strong> serien recomanables <strong>en funci\u00f3 dels meus resultats actuals<\/strong>? Com implantar un <strong>pla estrat\u00e8gic<\/strong> per aconseguir una cobertura de mercat superior a l&#8217;actual, adaptar els sistemes de gesti\u00f3 a la tend\u00e8ncia del sector, o diversificar la meva activitat ?, Quina \u00e9s la <strong>forma m\u00e9s efectiva de comunicar<\/strong> a nivell extern el posicionament desitjat?<\/p>\n<p>Alguns dels <strong>serveis <\/strong>que oferim s\u00f3n:<\/p>\n<ul>\n<li>Plans de viabilitat<\/li>\n<li>Plans d&#8217;inici de negoci<\/li>\n<li>Plans estrat\u00e8gics (Optimitzaci\u00f3, diversificaci\u00f3, expansi\u00f3, integraci\u00f3, etc.)<\/li>\n<li>Plans estrat\u00e8gics per a emprenedors<\/li>\n<li>Reducci\u00f3 de costos<\/li>\n<li>Posada en marxa de Comit\u00e8s de Direcci\u00f3<\/li>\n<li>Relleu generacional i successi\u00f3 familiar<\/li>\n<\/ul>\n            <\/div>        <\/div>    <\/div><\/section>\n<section class=\"av_toggle_section\"  itemscope=\"itemscope\" itemtype=\"https:\/\/schema.org\/CreativeWork\"  >    <div class=\"single_toggle\" data-tags=\"{All} \"  >        <p data-fake-id=\"#toggle-id-3\" class=\"toggler \"  itemprop=\"headline\"  >Consultoria en reducci\u00f3 de costos<span class=\"toggle_icon\" >        <span class=\"vert_icon\"><\/span><span class=\"hor_icon\"><\/span><\/span><\/p>        <div id=\"toggle-id-3-container\" class=\"toggle_wrap \"  >            <div class=\"toggle_content invers-color \"  itemprop=\"text\"   ><p>Com optimitzar processos, assegurar la sostenibilitat i mantenir els marges d&#8217;explotaci\u00f3 adequats que permetin la reinversi\u00f3. Es ajuda a identificar els equilibris m\u00e9s adequats del compte d&#8217;explotaci\u00f3, en funci\u00f3 del sector i volum de negoci. Apliquem tres eixos estrat\u00e8gics, necessaris per al futur:<\/p>\n<ul>\n<li>Estrat\u00e8gies d&#8217;optimitzaci\u00f3<\/li>\n<li>Estrat\u00e8gies d&#8217;increment<\/li>\n<li>Estrat\u00e8gies de desenvolupament i sostenibilitat<\/li>\n<\/ul>\n            <\/div>        <\/div>    <\/div><\/section>\n<section class=\"av_toggle_section\"  itemscope=\"itemscope\" itemtype=\"https:\/\/schema.org\/CreativeWork\"  >    <div class=\"single_toggle\" data-tags=\"{All} \"  >        <p data-fake-id=\"#toggle-id-4\" class=\"toggler \"  itemprop=\"headline\"  >Consultoria en relleu generacional<span class=\"toggle_icon\" >        <span class=\"vert_icon\"><\/span><span class=\"hor_icon\"><\/span><\/span><\/p>        <div id=\"toggle-id-4-container\" class=\"toggle_wrap \"  >            <div class=\"toggle_content invers-color \"  itemprop=\"text\"   ><p>El relleu generacional en la direcci\u00f3 de les <strong>empreses familiars, aut\u00f2noms i PIMES<\/strong> \u00e9s un fet que cada dia requereix una major <strong>previsi\u00f3<\/strong> i una major <strong>planificaci\u00f3 <\/strong>per garantir la coher\u00e8ncia i sintonia entre els tres nivells que generalment s\u00f3n presents: la fam\u00edlia, la gesti\u00f3 de la empresa i l&#8217;accionariat.<\/p>\n            <\/div>        <\/div>    <\/div><\/section>\n<section class=\"av_toggle_section\"  itemscope=\"itemscope\" itemtype=\"https:\/\/schema.org\/CreativeWork\"  >    <div class=\"single_toggle\" data-tags=\"{All} \"  >        <p data-fake-id=\"#toggle-id-5\" class=\"toggler \"  itemprop=\"headline\"  >Consultoria organitzativa i rrhh<span class=\"toggle_icon\" >        <span class=\"vert_icon\"><\/span><span class=\"hor_icon\"><\/span><\/span><\/p>        <div id=\"toggle-id-5-container\" class=\"toggle_wrap \"  >            <div class=\"toggle_content invers-color \"  itemprop=\"text\"   ><p>\u00bfLa meva estructura organitzativa est\u00e0 adaptada a l&#8217;<strong>estrat\u00e8gia<\/strong> i als <strong>objectius<\/strong> que la meva empresa desitja aconseguir a curt, mitj\u00e0 i llarg termini ?, Com mantenir el <strong>mapa de llocs<\/strong> constantment actualitzat a la realitat empresarial de cada moment ?, Tinc una descripci\u00f3 actualitzada i professional dels <strong>llocs i perfils<\/strong> de la meva organitzaci\u00f3?<\/p>\n<ul>\n<li><strong>An\u00e0lisi organitzatiu <\/strong>(llocs i perfils)<\/li>\n<li><strong>Selecci\u00f3 de personal:<\/strong>\n<ul>\n<li>Selecci\u00f3 de personal<\/li>\n<li>Selecci\u00f3 de directius<\/li>\n<li>Avaluaci\u00f3 de personal (per seleccions i promocions internes)<\/li>\n<li>Assessment Center<\/li>\n<\/ul>\n<\/li>\n<\/ul>\n<ul>\n<li><strong>Formaci\u00f3 i desenvolupament:<\/strong>\n<ul>\n<li>Disseny de plans de formaci\u00f3 anual<\/li>\n<li>Formaci\u00f3 en coneixements<\/li>\n<li>Formaci\u00f3 en compet\u00e8ncies de lideratge<\/li>\n<li>Formaci\u00f3 d&#8217;equips<\/li>\n<\/ul>\n<\/li>\n<\/ul>\n<ul>\n<li>Implantaci\u00f3 <strong>gesti\u00f3 per compet\u00e8ncies <\/strong><\/li>\n<li>Implantaci\u00f3 models<strong> d&#8217;avaluaci\u00f3 de l&#8217;acompliment <\/strong><\/li>\n<li>Implantaci\u00f3 models<strong> d&#8217;avaluaci\u00f3 del potencial, promoci\u00f3 interna, mapes de llocs i plans de successi\u00f3 <\/strong><\/li>\n<li>Implantaci\u00f3 models de<strong> comunicaci\u00f3 Interna <\/strong><\/li>\n<li>Estudi i millora<strong> del clima laboral <\/strong><\/li>\n<li><strong>Gesti\u00f3 del canvi<\/strong><\/li>\n<li><strong>Alineament de valors de gesti\u00f3 RRHH amb estrat\u00e8gia d&#8217;empresa<\/strong><\/li>\n<\/ul>\n            <\/div>        <\/div>    <\/div><\/section>\n<section class=\"av_toggle_section\"  itemscope=\"itemscope\" itemtype=\"https:\/\/schema.org\/CreativeWork\"  >    <div class=\"single_toggle\" data-tags=\"{All} \"  >        <p data-fake-id=\"#toggle-id-6\" class=\"toggler \"  itemprop=\"headline\"  >Consultoria en retribuci\u00f3<span class=\"toggle_icon\" >        <span class=\"vert_icon\"><\/span><span class=\"hor_icon\"><\/span><\/span><\/p>        <div id=\"toggle-id-6-container\" class=\"toggle_wrap \"  >            <div class=\"toggle_content invers-color \"  itemprop=\"text\"   ><p>Qu\u00e8 \u00e9s la <strong>compensaci\u00f3 flexible o total<\/strong> ?, La meva empresa hauria d&#8217;<strong>aplicar retribucions variables o per objectius ?, <\/strong>Es pot implantar un model de <strong>retribuci\u00f3 lligat a la valoraci\u00f3 del desenvolupament<\/strong>?<\/p>\n<p>Quin \u00e9s el <strong>nivell d&#8217;equitat interna retributiva<\/strong> que actualment t\u00e9 la meva organitzaci\u00f3?, Com implantar una <strong>pol\u00edtica retributiva<\/strong> que impliqui m\u00e9s a la plantilla i permeti una major flexibilitat?<\/p>\n            <\/div>        <\/div>    <\/div><\/section>\n<section class=\"av_toggle_section\"  itemscope=\"itemscope\" itemtype=\"https:\/\/schema.org\/CreativeWork\"  >    <div class=\"single_toggle\" data-tags=\"{All} \"  >        <p data-fake-id=\"#toggle-id-7\" class=\"toggler \"  itemprop=\"headline\"  >Consultoria per a la implantaci\u00f3 de nous projectes<span class=\"toggle_icon\" >        <span class=\"vert_icon\"><\/span><span class=\"hor_icon\"><\/span><\/span><\/p>        <div id=\"toggle-id-7-container\" class=\"toggle_wrap \"  >            <div class=\"toggle_content invers-color \"  itemprop=\"text\"   ><p>\u00c9s habitual que una organitzaci\u00f3 es plantegi, en funci\u00f3 de la seva estrat\u00e8gia, diverses accions per al <strong>desenvolupament de nous projectes<\/strong>. Projectes d&#8217;<strong>ampliaci\u00f3<\/strong>, <strong>de reducci\u00f3, de creaci\u00f3 de noves estructures<\/strong>, de <strong>nous serveis o productes<\/strong>, <strong>d&#8217;expansi\u00f3 de negoci<\/strong>, <strong>de diversificaci\u00f3<\/strong>, de <strong>millora en determinades \u00e0rees<\/strong>, etc.<\/p>\n<p>Per a cada projecte \u00e9s important que es determini un <strong>pla estrat\u00e8gic<\/strong> i un <strong>pla d&#8217;acci\u00f3<\/strong> derivat del mateix que permeti el <strong>seguiment <\/strong>de previsions <strong>i resultats<\/strong>.<\/p>\n<p>Podem acompanyar l&#8217;empresa en la implantaci\u00f3 global del projecte o en qualsevol de les fases, des de la seva conceptualitzaci\u00f3 fins a la seva execuci\u00f3 i seguiment.<\/p>\n            <\/div>        <\/div>    <\/div><\/section>\n<section class=\"av_toggle_section\"  itemscope=\"itemscope\" itemtype=\"https:\/\/schema.org\/CreativeWork\"  >    <div class=\"single_toggle\" data-tags=\"{All} \"  >        <p data-fake-id=\"#toggle-id-8\" class=\"toggler \"  itemprop=\"headline\"  >Externalizacion de gesti\u00f3 de negocis<span class=\"toggle_icon\" >        <span class=\"vert_icon\"><\/span><span class=\"hor_icon\"><\/span><\/span><\/p>        <div id=\"toggle-id-8-container\" class=\"toggle_wrap \"  >            <div class=\"toggle_content invers-color \"  itemprop=\"text\"   ><p>Qualsevol negoci, ja sigui petit o gran, necessita d&#8217;una adre\u00e7a o una Ger\u00e8ncia di\u00e0ria que asseguri la consecuci\u00f3 de la productivitat i els objectius. En determinades estructures organitzatives, moments clau o fases d&#8217;un projecte empresarial tamb\u00e9 hi ha la possibilitat de subcontractar aquesta figura, de manera temporal o per projecte.<\/p>\n<p>Aportamos la posibilidad de colaborar con la empresa, mediante la f\u00f3rmula de <strong>subcontrataci\u00f3n de un Gerente<\/strong> que pueda <strong>supervisar operativamente su l\u00ednea de actividad<\/strong> o su <strong>negocio<\/strong>, <strong>de forma temporal o continuada<\/strong>.<\/p>\n<p>Aportem la possibilitat de col\u00b7laborar amb l&#8217;empresa, mitjan\u00e7ant la f\u00f3rmula de <strong>subcontractaci\u00f3 d&#8217;un Gerent<\/strong> que pugui <strong>supervisar operativament la seva l\u00ednia d&#8217;activitat<\/strong> o el seu <strong>negoci<\/strong>, <strong>de manera temporal o continuada.<\/strong><\/p>\n            <\/div>        <\/div>    <\/div><\/section>\n<\/div>\n","protected":false},"excerpt":{"rendered":"","protected":false},"author":4,"featured_media":0,"parent":7083,"menu_order":0,"comment_status":"closed","ping_status":"closed","template":"","meta":{"_monsterinsights_skip_tracking":false,"_monsterinsights_sitenote_active":false,"_monsterinsights_sitenote_note":"","_monsterinsights_sitenote_category":0,"footnotes":""},"class_list":["post-7340","page","type-page","status-publish","hentry"],"yoast_head":"<!-- This site is optimized with the Yoast SEO plugin v27.4 - https:\/\/yoast.com\/product\/yoast-seo-wordpress\/ -->\n<title>Consultor\u00eda estrat\u00e9gica empresarial - Palomo Consultores Tortosa<\/title>\n<meta name=\"description\" content=\"Servicio de consultor\u00eda para el an\u00e1lisis, implantaci\u00f3n y control de planes estrat\u00e9gicos, con el objetivo de satisfacer las necesidades de nuestros clientes.\" \/>\n<meta name=\"robots\" content=\"index, follow, max-snippet:-1, max-image-preview:large, max-video-preview:-1\" \/>\n<link rel=\"canonical\" href=\"https:\/\/palomo.net\/ca\/serveis\/consultoria-estrategica-empresarial\/\" \/>\n<meta property=\"og:locale\" content=\"ca_ES\" \/>\n<meta property=\"og:type\" content=\"article\" \/>\n<meta property=\"og:title\" content=\"Consultor\u00eda estrat\u00e9gica empresarial - Palomo Consultores Tortosa\" \/>\n<meta property=\"og:description\" content=\"Servicio de consultor\u00eda para el an\u00e1lisis, implantaci\u00f3n y control de planes estrat\u00e9gicos, con el objetivo de satisfacer las necesidades de nuestros clientes.\" \/>\n<meta property=\"og:url\" content=\"https:\/\/palomo.net\/ca\/serveis\/consultoria-estrategica-empresarial\/\" \/>\n<meta property=\"og:site_name\" content=\"Palomo Consultors\" \/>\n<meta property=\"article:modified_time\" content=\"2017-02-01T11:18:04+00:00\" \/>\n<meta name=\"twitter:card\" content=\"summary_large_image\" \/>\n<meta name=\"twitter:label1\" content=\"Temps estimat de lectura\" \/>\n\t<meta name=\"twitter:data1\" content=\"5 minuts\" \/>\n<script type=\"application\/ld+json\" class=\"yoast-schema-graph\">{\"@context\":\"https:\\\/\\\/schema.org\",\"@graph\":[{\"@type\":\"WebPage\",\"@id\":\"https:\\\/\\\/palomo.net\\\/ca\\\/serveis\\\/consultoria-estrategica-empresarial\\\/\",\"url\":\"https:\\\/\\\/palomo.net\\\/ca\\\/serveis\\\/consultoria-estrategica-empresarial\\\/\",\"name\":\"Consultor\u00eda estrat\u00e9gica empresarial - Palomo Consultores Tortosa\",\"isPartOf\":{\"@id\":\"https:\\\/\\\/palomo.net\\\/#website\"},\"datePublished\":\"2017-01-10T16:44:10+00:00\",\"dateModified\":\"2017-02-01T11:18:04+00:00\",\"description\":\"Servicio de consultor\u00eda para el an\u00e1lisis, implantaci\u00f3n y control de planes estrat\u00e9gicos, con el objetivo de satisfacer las necesidades de nuestros clientes.\",\"breadcrumb\":{\"@id\":\"https:\\\/\\\/palomo.net\\\/ca\\\/serveis\\\/consultoria-estrategica-empresarial\\\/#breadcrumb\"},\"inLanguage\":\"ca\",\"potentialAction\":[{\"@type\":\"ReadAction\",\"target\":[\"https:\\\/\\\/palomo.net\\\/ca\\\/serveis\\\/consultoria-estrategica-empresarial\\\/\"]}]},{\"@type\":\"BreadcrumbList\",\"@id\":\"https:\\\/\\\/palomo.net\\\/ca\\\/serveis\\\/consultoria-estrategica-empresarial\\\/#breadcrumb\",\"itemListElement\":[{\"@type\":\"ListItem\",\"position\":1,\"name\":\"Portada\",\"item\":\"https:\\\/\\\/palomo.net\\\/ca\\\/\"},{\"@type\":\"ListItem\",\"position\":2,\"name\":\"Serveis\",\"item\":\"https:\\\/\\\/palomo.net\\\/ca\\\/serveis\\\/\"},{\"@type\":\"ListItem\",\"position\":3,\"name\":\"Consultor\u00eda estrat\u00e9gica empresarial\"}]},{\"@type\":\"WebSite\",\"@id\":\"https:\\\/\\\/palomo.net\\\/#website\",\"url\":\"https:\\\/\\\/palomo.net\\\/\",\"name\":\"Palomo Consultors\",\"description\":\"Assessors Laborales d&#039; Empresas\",\"potentialAction\":[{\"@type\":\"SearchAction\",\"target\":{\"@type\":\"EntryPoint\",\"urlTemplate\":\"https:\\\/\\\/palomo.net\\\/?s={search_term_string}\"},\"query-input\":{\"@type\":\"PropertyValueSpecification\",\"valueRequired\":true,\"valueName\":\"search_term_string\"}}],\"inLanguage\":\"ca\"}]}<\/script>\n<!-- \/ Yoast SEO plugin. -->","yoast_head_json":{"title":"Consultor\u00eda estrat\u00e9gica empresarial - Palomo Consultores Tortosa","description":"Servicio de consultor\u00eda para el an\u00e1lisis, implantaci\u00f3n y control de planes estrat\u00e9gicos, con el objetivo de satisfacer las necesidades de nuestros clientes.","robots":{"index":"index","follow":"follow","max-snippet":"max-snippet:-1","max-image-preview":"max-image-preview:large","max-video-preview":"max-video-preview:-1"},"canonical":"https:\/\/palomo.net\/ca\/serveis\/consultoria-estrategica-empresarial\/","og_locale":"ca_ES","og_type":"article","og_title":"Consultor\u00eda estrat\u00e9gica empresarial - Palomo Consultores Tortosa","og_description":"Servicio de consultor\u00eda para el an\u00e1lisis, implantaci\u00f3n y control de planes estrat\u00e9gicos, con el objetivo de satisfacer las necesidades de nuestros clientes.","og_url":"https:\/\/palomo.net\/ca\/serveis\/consultoria-estrategica-empresarial\/","og_site_name":"Palomo Consultors","article_modified_time":"2017-02-01T11:18:04+00:00","twitter_card":"summary_large_image","twitter_misc":{"Temps estimat de lectura":"5 minuts"},"schema":{"@context":"https:\/\/schema.org","@graph":[{"@type":"WebPage","@id":"https:\/\/palomo.net\/ca\/serveis\/consultoria-estrategica-empresarial\/","url":"https:\/\/palomo.net\/ca\/serveis\/consultoria-estrategica-empresarial\/","name":"Consultor\u00eda estrat\u00e9gica empresarial - Palomo Consultores Tortosa","isPartOf":{"@id":"https:\/\/palomo.net\/#website"},"datePublished":"2017-01-10T16:44:10+00:00","dateModified":"2017-02-01T11:18:04+00:00","description":"Servicio de consultor\u00eda para el an\u00e1lisis, implantaci\u00f3n y control de planes estrat\u00e9gicos, con el objetivo de satisfacer las necesidades de nuestros clientes.","breadcrumb":{"@id":"https:\/\/palomo.net\/ca\/serveis\/consultoria-estrategica-empresarial\/#breadcrumb"},"inLanguage":"ca","potentialAction":[{"@type":"ReadAction","target":["https:\/\/palomo.net\/ca\/serveis\/consultoria-estrategica-empresarial\/"]}]},{"@type":"BreadcrumbList","@id":"https:\/\/palomo.net\/ca\/serveis\/consultoria-estrategica-empresarial\/#breadcrumb","itemListElement":[{"@type":"ListItem","position":1,"name":"Portada","item":"https:\/\/palomo.net\/ca\/"},{"@type":"ListItem","position":2,"name":"Serveis","item":"https:\/\/palomo.net\/ca\/serveis\/"},{"@type":"ListItem","position":3,"name":"Consultor\u00eda estrat\u00e9gica empresarial"}]},{"@type":"WebSite","@id":"https:\/\/palomo.net\/#website","url":"https:\/\/palomo.net\/","name":"Palomo Consultors","description":"Assessors Laborales d&#039; Empresas","potentialAction":[{"@type":"SearchAction","target":{"@type":"EntryPoint","urlTemplate":"https:\/\/palomo.net\/?s={search_term_string}"},"query-input":{"@type":"PropertyValueSpecification","valueRequired":true,"valueName":"search_term_string"}}],"inLanguage":"ca"}]}},"_links":{"self":[{"href":"https:\/\/palomo.net\/ca\/wp-json\/wp\/v2\/pages\/7340\/"}],"collection":[{"href":"https:\/\/palomo.net\/ca\/wp-json\/wp\/v2\/pages\/"}],"about":[{"href":"https:\/\/palomo.net\/ca\/wp-json\/wp\/v2\/types\/page\/"}],"author":[{"embeddable":true,"href":"https:\/\/palomo.net\/ca\/wp-json\/wp\/v2\/users\/4\/"}],"replies":[{"embeddable":true,"href":"https:\/\/palomo.net\/ca\/wp-json\/wp\/v2\/comments\/?post=7340"}],"version-history":[{"count":2,"href":"https:\/\/palomo.net\/ca\/wp-json\/wp\/v2\/pages\/7340\/revisions\/"}],"predecessor-version":[{"id":7344,"href":"https:\/\/palomo.net\/ca\/wp-json\/wp\/v2\/pages\/7340\/revisions\/7344\/"}],"up":[{"embeddable":true,"href":"https:\/\/palomo.net\/ca\/wp-json\/wp\/v2\/pages\/7083\/"}],"wp:attachment":[{"href":"https:\/\/palomo.net\/ca\/wp-json\/wp\/v2\/media\/?parent=7340"}],"curies":[{"name":"wp","href":"https:\/\/api.w.org\/{rel}","templated":true}]}}